{"id":8513,"date":"2023-01-17T20:26:15","date_gmt":"2023-01-17T19:26:15","guid":{"rendered":"https:\/\/culum.jla-it.at\/akademia\/moduly-szkoleniowe-2\/"},"modified":"2023-10-26T12:02:55","modified_gmt":"2023-10-26T10:02:55","slug":"moduly-szkoleniowe-2-2","status":"publish","type":"page","link":"https:\/\/culum.jla-it.at\/pl\/akademia\/moduly-szkoleniowe-2-2\/","title":{"rendered":"Modu\u0142y szkoleniowe"},"content":{"rendered":"\t\t<div data-elementor-type=\"wp-page\" data-elementor-id=\"8513\" class=\"elementor elementor-8513 elementor-8512\" data-elementor-post-type=\"page\">\n\t\t\t\t\t\t<section class=\"elementor-section elementor-top-section elementor-element elementor-element-66ef2dee elementor-section-boxed elementor-section-height-default elementor-section-height-default\" data-id=\"66ef2dee\" data-element_type=\"section\">\n\t\t\t\t\t\t<div class=\"elementor-container elementor-column-gap-default\">\n\t\t\t\t\t<div class=\"elementor-column elementor-col-100 elementor-top-column elementor-element elementor-element-204b49d5\" data-id=\"204b49d5\" data-element_type=\"column\">\n\t\t\t<div class=\"elementor-widget-wrap elementor-element-populated\">\n\t\t\t\t\t\t<div class=\"elementor-element elementor-element-23e19508 elementor-align-center elementor-widget elementor-widget-breadcrumbs\" data-id=\"23e19508\" data-element_type=\"widget\" data-widget_type=\"breadcrumbs.default\">\n\t\t\t\t<div class=\"elementor-widget-container\">\n\t\t\t<p id=\"breadcrumbs\"><span><span><a href=\"https:\/\/culum.jla-it.at\/pl\/\">CULUMNATURA<\/a><\/span><\/span><\/p>\t\t<\/div>\n\t\t\t\t<\/div>\n\t\t\t\t\t<\/div>\n\t\t<\/div>\n\t\t\t\t\t<\/div>\n\t\t<\/section>\n\t\t\t\t<section class=\"elementor-section elementor-top-section elementor-element elementor-element-3e5dfe9 elementor-section-boxed elementor-section-height-default elementor-section-height-default\" data-id=\"3e5dfe9\" data-element_type=\"section\">\n\t\t\t\t\t\t<div class=\"elementor-container elementor-column-gap-default\">\n\t\t\t\t\t<div class=\"elementor-column elementor-col-50 elementor-top-column elementor-element elementor-element-9e7f98d\" data-id=\"9e7f98d\" data-element_type=\"column\">\n\t\t\t<div class=\"elementor-widget-wrap elementor-element-populated\">\n\t\t\t\t\t\t<div class=\"elementor-element elementor-element-f39a3b0 elementor-widget elementor-widget-heading\" data-id=\"f39a3b0\" data-element_type=\"widget\" data-widget_type=\"heading.default\">\n\t\t\t\t<div class=\"elementor-widget-container\">\n\t\t\t<h2 class=\"elementor-heading-title elementor-size-default\">Deine Ausbildung bei CULUMNATURA<\/h2>\t\t<\/div>\n\t\t\t\t<\/div>\n\t\t\t\t<div class=\"elementor-element elementor-element-77aad23 elementor-widget elementor-widget-text-editor\" data-id=\"77aad23\" data-element_type=\"widget\" data-widget_type=\"text-editor.default\">\n\t\t\t\t<div class=\"elementor-widget-container\">\n\t\t\t\t\t\t\t<p>Nachfolgend kannst du dich f\u00fcr die CULUMNATURA Kennenlernseminare, Ausbildungsmodule zum\/zur zertifizierten CULUMNATURA Haut- und Haarpraktiker:in und Weiterbildungsseminare sowie f\u00fcr das Kund:innentreffen anmelden.<\/p>\n<p>Du m\u00f6chtest vorab mehr Informationen \u00fcber deinen m\u00f6glichen Ausbildungsweg bei CULUMNATURA? Dann klicke hier:<\/p>\n\t\t\t\t\t\t<\/div>\n\t\t\t\t<\/div>\n\t\t\t\t<div class=\"elementor-element elementor-element-6342f7c elementor-widget__width-initial elementor-widget elementor-widget-button\" data-id=\"6342f7c\" data-element_type=\"widget\" data-widget_type=\"button.default\">\n\t\t\t\t<div class=\"elementor-widget-container\">\n\t\t\t\t\t<div class=\"elementor-button-wrapper\">\n\t\t\t<a class=\"elementor-button elementor-button-link elementor-size-sm elementor-animation-float\" href=\"https:\/\/culum.jla-it.at\/pl\/culumnatura\/\">\n\t\t\t\t\t\t<span class=\"elementor-button-content-wrapper\">\n\t\t\t\t\t\t\t\t\t<span class=\"elementor-button-text\">DEIN WEG MIT CULUMNATURA<\/span>\n\t\t\t\t\t<\/span>\n\t\t\t\t\t<\/a>\n\t\t<\/div>\n\t\t\t\t<\/div>\n\t\t\t\t<\/div>\n\t\t\t\t\t<\/div>\n\t\t<\/div>\n\t\t\t\t<div class=\"elementor-column elementor-col-50 elementor-top-column elementor-element elementor-element-bd27f60\" data-id=\"bd27f60\" data-element_type=\"column\">\n\t\t\t<div class=\"elementor-widget-wrap elementor-element-populated\">\n\t\t\t\t\t\t<div class=\"elementor-element elementor-element-aa32e43 elementor-widget elementor-widget-ucaddon_unlimited_grid\" data-id=\"aa32e43\" data-element_type=\"widget\" data-widget_type=\"ucaddon_unlimited_grid.default\">\n\t\t\t\t<div class=\"elementor-widget-container\">\n\t\t\t\n<!-- start Unlimited Grid -->\n\t\t<link id='font-awesome-css' href='https:\/\/culum.jla-it.at\/www\/wp-content\/plugins\/unlimited-elements-for-elementor-premium\/assets_libraries\/font-awesome6\/fontawesome-all.min.css' type='text\/css' rel='stylesheet' >\n\t\t<link id='font-awesome-4-shim-css' href='https:\/\/culum.jla-it.at\/www\/wp-content\/plugins\/unlimited-elements-for-elementor-premium\/assets_libraries\/font-awesome6\/fontawesome-v4-shims.min.css' type='text\/css' rel='stylesheet' >\n\t\t<link id='fancybox-css' href='https:\/\/culum.jla-it.at\/www\/wp-content\/plugins\/unlimited-elements-for-elementor-premium\/assets_libraries\/fancybox3\/jquery.fancybox.min.css' type='text\/css' rel='stylesheet' >\n\n<style>\/* widget: Unlimited Grid *\/\n\n\r\n@keyframes uc_unlimited_grid_elementor_aa32e43__item-animation {\r\n  0% {\r\n            \r\n        \t        \tfilter: blur(4px);\r\n\t\t\t\r\n    \t    opacity: 0;\r\n  }\r\n  100% {\r\n            \r\n        \t            filter: blur(0px);\r\n            \r\n    \t\topacity: 1;\r\n  }\r\n}\r\n\r\n\r\n#uc_unlimited_grid_elementor_aa32e43 .ue-item{\r\n\topacity:0;\r\n}\r\n\r\n\r\n#uc_unlimited_grid_elementor_aa32e43 .uc-entrance-animate {\r\n  opacity:1;\r\n}\r\n\r\n#uc_unlimited_grid_elementor_aa32e43 .uc-entrance-animate {\r\n\tanimation: uc_unlimited_grid_elementor_aa32e43__item-animation 0.6s cubic-bezier(0.470, 0.000, 0.745, 0.715) both;\r\n}\r\n\r\n\t\t\t\n\n#uc_unlimited_grid_elementor_aa32e43\n{\n  display:grid;\n  grid-auto-rows: 1fr;\n}\n\n.ue-btn\n{\n  text-decoration:none;\n  text-align:center;\n  transition:0.3s;\n}\n\n#uc_unlimited_grid_elementor_aa32e43 .ue-overlay-link\n{\n  display:block;\n  position:absolute;\n  top:0px;\n  bottom:0px;\n  right:0px;\n  left:0px;\n}\n\n#uc_unlimited_grid_elementor_aa32e43 .ue-item\n{\n  position:relative;\n  display:flex;\n  overflow:hidden;\n  background-size:cover;\n}\n\n#uc_unlimited_grid_elementor_aa32e43 .ue-item-overlay\n{\n  position:absolute;\n  top:0;\n  right:0;\n  left:0;\n  bottom:0;\n  transition:0.3s;\n}\n\n#uc_unlimited_grid_elementor_aa32e43 .ue-item-bg\n{\n  position:absolute;\n  top:0;\n  right:0;\n  left:0;\n  bottom:0;\n  transition:0.3s;\n  background-size:cover;\n}\n\n\n\t#uc_unlimited_grid_elementor_aa32e43 .ue-item:hover .ue-item-bg\n      {\n        transform:scale(1.1);\n      }\n\t\n\n\n\n\n\n\n#uc_unlimited_grid_elementor_aa32e43 .ue-graphic-element\n{\n  display:inline-flex;\n  align-items:center;\n  justify-content:center;\n  line-height:1em;\n  overflow:hidden;\n}\n\n#uc_unlimited_grid_elementor_aa32e43 .ue-graphic-element svg\n{\n  height:1em;\n  width:1em;\n}\n\n#uc_unlimited_grid_elementor_aa32e43 .ue-graphic-element img\n{\n  display:block;\n}\n\n.ue-item-title\n{\n  font-size:21px;\n}\n\n#uc_unlimited_grid_elementor_aa32e43 .ue-item-content\n{\n  position:relative;\n  width:100%;\n}\n\n\n\n\t\n\n\n\n\n\n\n\n\n\n\n\n\n\n\n\n\n\n  #uc_unlimited_grid_elementor_aa32e43 #uc_unlimited_grid_elementor_aa32e43_item1 .ue-item-bg\n  {\n    background-image:url(https:\/\/culum.jla-it.at\/www\/wp-content\/uploads\/2023\/10\/DEIN_SEMINARKALENDER_25092023_INKL.jpg);\n  }\n\n\n\n\n\n<\/style>\n\n<div id=\"uc_unlimited_grid_elementor_aa32e43\" class=\"ue-unlimited-grid\">\n  <div id=\"uc_unlimited_grid_elementor_aa32e43_item1\" class=\"ue-item elementor-repeater-item-18aa527\">\n  <div class=\"ue-item-bg\"><\/div>\n  <div class=\"ue-item-overlay\"><\/div>\n  \n    <div class=\"ue-item-content None\">\n                      <div class=\"ue-item-title\">SEMINARKALENDER 2023<\/div>\n    <div class=\"ue-item-text\"><p>Hier findest du die Jahres\u00fcbersicht aller Seminartermine.\u00a0<\/p>\n<\/div>\n    <div class=\"ue-btn-wrapper\"><a class=\"ue-btn \" href=\"https:\/\/culum.jla-it.at\/www\/wp-content\/uploads\/2023\/10\/DEIN_SEMINARKALENDER_25092023_INKL.pdf\"  target='_blank'>DOWNLOAD<\/a><\/div>  <\/div>\n    \n  \n    \n    \n  \n  \n  \n  \n<\/div>\n\n<\/div>\n<!-- end Unlimited Grid -->\t\t<\/div>\n\t\t\t\t<\/div>\n\t\t\t\t\t<\/div>\n\t\t<\/div>\n\t\t\t\t\t<\/div>\n\t\t<\/section>\n\t\t\t\t<section class=\"elementor-section elementor-top-section elementor-element elementor-element-7daac2b elementor-section-boxed elementor-section-height-default elementor-section-height-default\" data-id=\"7daac2b\" data-element_type=\"section\">\n\t\t\t\t\t\t<div class=\"elementor-container elementor-column-gap-default\">\n\t\t\t\t\t<div class=\"elementor-column elementor-col-100 elementor-top-column elementor-element elementor-element-4b6b758\" data-id=\"4b6b758\" data-element_type=\"column\">\n\t\t\t<div class=\"elementor-widget-wrap elementor-element-populated\">\n\t\t\t\t\t\t<div class=\"elementor-element elementor-element-31e82a0 elementor-widget elementor-widget-html\" data-id=\"31e82a0\" data-element_type=\"widget\" data-widget_type=\"html.default\">\n\t\t\t\t<div class=\"elementor-widget-container\">\n\t\t\t<iframe src=\"https:\/\/akademie.culumnatura.com\/kurse\" style=\"border:0px #ffffff none;\" name=\"marva\" scrolling=\"yes\" frameborder=\"1\" marginheight=\"0px\" marginwidth=\"0px\"  height=\"2000px\"width=\"1400px\" allowfullscreen><\/iframe>\t\t<\/div>\n\t\t\t\t<\/div>\n\t\t\t\t\t<\/div>\n\t\t<\/div>\n\t\t\t\t\t<\/div>\n\t\t<\/section>\n\t\t\t\t<section class=\"elementor-section elementor-top-section elementor-element elementor-element-ed48bfb elementor-section-full_width elementor-hidden-desktop elementor-hidden-tablet elementor-hidden-mobile elementor-section-height-default elementor-section-height-default\" data-id=\"ed48bfb\" data-element_type=\"section\">\n\t\t\t\t\t\t<div class=\"elementor-container elementor-column-gap-default\">\n\t\t\t\t\t<div class=\"elementor-column elementor-col-100 elementor-top-column elementor-element elementor-element-89d6ee9\" data-id=\"89d6ee9\" data-element_type=\"column\">\n\t\t\t<div class=\"elementor-widget-wrap elementor-element-populated\">\n\t\t\t\t\t\t<div class=\"elementor-element elementor-element-2832020 elementor-widget elementor-widget-html\" data-id=\"2832020\" data-element_type=\"widget\" id=\"iframe\" data-widget_type=\"html.default\">\n\t\t\t\t<div class=\"elementor-widget-container\">\n\t\t\thttps:\/\/culum.jla-it.at\/pl\/kwiaty-liscie-lodygi-korzenie\/\t\t<\/div>\n\t\t\t\t<\/div>\n\t\t\t\t\t<\/div>\n\t\t<\/div>\n\t\t\t\t\t<\/div>\n\t\t<\/section>\n\t\t\t\t<\/div>\n\t\t","protected":false},"excerpt":{"rendered":"<p>Deine Ausbildung bei CULUMNATURA Nachfolgend kannst du dich f\u00fcr die CULUMNATURA Kennenlernseminare, Ausbildungsmodule zum\/zur zertifizierten CULUMNATURA Haut- und Haarpraktiker:in und Weiterbildungsseminare sowie f\u00fcr das Kund:innentreffen anmelden. Du m\u00f6chtest vorab mehr Informationen \u00fcber deinen m\u00f6glichen Ausbildungsweg bei CULUMNATURA? Dann klicke hier: DEIN WEG MIT CULUMNATURA SEMINARKALENDER 2023 Hier findest du die Jahres\u00fcbersicht aller Seminartermine.\u00a0 DOWNLOAD Kwiaty, [&hellip;]<\/p>\n","protected":false},"author":1,"featured_media":4591,"parent":5164,"menu_order":0,"comment_status":"closed","ping_status":"closed","template":"elementor_header_footer","meta":{"_acf_changed":false,"footnotes":""},"class_list":["post-8513","page","type-page","status-publish","has-post-thumbnail","hentry"],"acf":[],"yoast_head":"<!-- This site is optimized with the Yoast SEO plugin v22.8 - https:\/\/yoast.com\/wordpress\/plugins\/seo\/ -->\n<title>Modu\u0142y szkoleniowe | CULUMNATURA<\/title>\n<meta name=\"robots\" content=\"noindex, follow, max-snippet:-1, max-image-preview:large, max-video-preview:-1\" \/>\n<meta property=\"og:locale\" content=\"pl_PL\" \/>\n<meta property=\"og:type\" content=\"article\" \/>\n<meta property=\"og:title\" content=\"Modu\u0142y szkoleniowe | CULUMNATURA\" \/>\n<meta property=\"og:description\" content=\"Deine Ausbildung bei CULUMNATURA Nachfolgend kannst du dich f\u00fcr die CULUMNATURA Kennenlernseminare, Ausbildungsmodule zum\/zur zertifizierten CULUMNATURA Haut- und Haarpraktiker:in und Weiterbildungsseminare sowie f\u00fcr das Kund:innentreffen anmelden. Du m\u00f6chtest vorab mehr Informationen \u00fcber deinen m\u00f6glichen Ausbildungsweg bei CULUMNATURA? Dann klicke hier: DEIN WEG MIT CULUMNATURA SEMINARKALENDER 2023 Hier findest du die Jahres\u00fcbersicht aller Seminartermine.\u00a0 DOWNLOAD Kwiaty, [&hellip;]\" \/>\n<meta property=\"og:url\" content=\"https:\/\/culum.jla-it.at\/pl\/akademia\/moduly-szkoleniowe-2-2\/\" \/>\n<meta property=\"og:site_name\" content=\"CULUMNATURA\" \/>\n<meta property=\"article:modified_time\" content=\"2023-10-26T10:02:55+00:00\" \/>\n<meta name=\"twitter:card\" content=\"summary_large_image\" \/>\n<script type=\"application\/ld+json\" class=\"yoast-schema-graph\">{\"@context\":\"https:\/\/schema.org\",\"@graph\":[{\"@type\":\"WebPage\",\"@id\":\"https:\/\/culum.jla-it.at\/pl\/akademia\/moduly-szkoleniowe-2-2\/\",\"url\":\"https:\/\/culum.jla-it.at\/pl\/akademia\/moduly-szkoleniowe-2-2\/\",\"name\":\"Modu\u0142y szkoleniowe | CULUMNATURA\",\"isPartOf\":{\"@id\":\"https:\/\/culum.jla-it.at\/pl\/#website\"},\"primaryImageOfPage\":{\"@id\":\"https:\/\/culum.jla-it.at\/pl\/akademia\/moduly-szkoleniowe-2-2\/#primaryimage\"},\"image\":{\"@id\":\"https:\/\/culum.jla-it.at\/pl\/akademia\/moduly-szkoleniowe-2-2\/#primaryimage\"},\"thumbnailUrl\":\"https:\/\/culum.jla-it.at\/www\/wp-content\/uploads\/2023\/08\/Logo_Akademie_Polen.png\",\"datePublished\":\"2023-01-17T19:26:15+00:00\",\"dateModified\":\"2023-10-26T10:02:55+00:00\",\"breadcrumb\":{\"@id\":\"https:\/\/culum.jla-it.at\/pl\/akademia\/moduly-szkoleniowe-2-2\/#breadcrumb\"},\"inLanguage\":\"pl-PL\",\"potentialAction\":[{\"@type\":\"ReadAction\",\"target\":[\"https:\/\/culum.jla-it.at\/pl\/akademia\/moduly-szkoleniowe-2-2\/\"]}]},{\"@type\":\"ImageObject\",\"inLanguage\":\"pl-PL\",\"@id\":\"https:\/\/culum.jla-it.at\/pl\/akademia\/moduly-szkoleniowe-2-2\/#primaryimage\",\"url\":\"https:\/\/culum.jla-it.at\/www\/wp-content\/uploads\/2023\/08\/Logo_Akademie_Polen.png\",\"contentUrl\":\"https:\/\/culum.jla-it.at\/www\/wp-content\/uploads\/2023\/08\/Logo_Akademie_Polen.png\",\"width\":1738,\"height\":1738},{\"@type\":\"BreadcrumbList\",\"@id\":\"https:\/\/culum.jla-it.at\/pl\/akademia\/moduly-szkoleniowe-2-2\/#breadcrumb\",\"itemListElement\":[{\"@type\":\"ListItem\",\"position\":1,\"name\":\"CULUMNATURA\",\"item\":\"https:\/\/culum.jla-it.at\/pl\/\"},{\"@type\":\"ListItem\",\"position\":2,\"name\":\"Akademia\",\"item\":\"https:\/\/culum.jla-it.at\/pl\/akademie\/\"},{\"@type\":\"ListItem\",\"position\":3,\"name\":\"Modu\u0142y szkoleniowe\"}]},{\"@type\":\"WebSite\",\"@id\":\"https:\/\/culum.jla-it.at\/pl\/#website\",\"url\":\"https:\/\/culum.jla-it.at\/pl\/\",\"name\":\"CULUMNATURA\",\"description\":\"\",\"publisher\":{\"@id\":\"https:\/\/culum.jla-it.at\/pl\/#organization\"},\"potentialAction\":[{\"@type\":\"SearchAction\",\"target\":{\"@type\":\"EntryPoint\",\"urlTemplate\":\"https:\/\/culum.jla-it.at\/pl\/?s={search_term_string}\"},\"query-input\":\"required name=search_term_string\"}],\"inLanguage\":\"pl-PL\"},{\"@type\":\"Organization\",\"@id\":\"https:\/\/culum.jla-it.at\/pl\/#organization\",\"name\":\"CULUMNATURA\",\"url\":\"https:\/\/culum.jla-it.at\/pl\/\",\"logo\":{\"@type\":\"ImageObject\",\"inLanguage\":\"pl-PL\",\"@id\":\"https:\/\/culum.jla-it.at\/pl\/#\/schema\/logo\/image\/\",\"url\":\"\",\"contentUrl\":\"\",\"caption\":\"CULUMNATURA\"},\"image\":{\"@id\":\"https:\/\/culum.jla-it.at\/pl\/#\/schema\/logo\/image\/\"}}]}<\/script>\n<!-- \/ Yoast SEO plugin. -->","yoast_head_json":{"title":"Modu\u0142y szkoleniowe | CULUMNATURA","robots":{"index":"noindex","follow":"follow","max-snippet":"max-snippet:-1","max-image-preview":"max-image-preview:large","max-video-preview":"max-video-preview:-1"},"og_locale":"pl_PL","og_type":"article","og_title":"Modu\u0142y szkoleniowe | CULUMNATURA","og_description":"Deine Ausbildung bei CULUMNATURA Nachfolgend kannst du dich f\u00fcr die CULUMNATURA Kennenlernseminare, Ausbildungsmodule zum\/zur zertifizierten CULUMNATURA Haut- und Haarpraktiker:in und Weiterbildungsseminare sowie f\u00fcr das Kund:innentreffen anmelden. Du m\u00f6chtest vorab mehr Informationen \u00fcber deinen m\u00f6glichen Ausbildungsweg bei CULUMNATURA? Dann klicke hier: DEIN WEG MIT CULUMNATURA SEMINARKALENDER 2023 Hier findest du die Jahres\u00fcbersicht aller Seminartermine.\u00a0 DOWNLOAD Kwiaty, [&hellip;]","og_url":"https:\/\/culum.jla-it.at\/pl\/akademia\/moduly-szkoleniowe-2-2\/","og_site_name":"CULUMNATURA","article_modified_time":"2023-10-26T10:02:55+00:00","twitter_card":"summary_large_image","schema":{"@context":"https:\/\/schema.org","@graph":[{"@type":"WebPage","@id":"https:\/\/culum.jla-it.at\/pl\/akademia\/moduly-szkoleniowe-2-2\/","url":"https:\/\/culum.jla-it.at\/pl\/akademia\/moduly-szkoleniowe-2-2\/","name":"Modu\u0142y szkoleniowe | CULUMNATURA","isPartOf":{"@id":"https:\/\/culum.jla-it.at\/pl\/#website"},"primaryImageOfPage":{"@id":"https:\/\/culum.jla-it.at\/pl\/akademia\/moduly-szkoleniowe-2-2\/#primaryimage"},"image":{"@id":"https:\/\/culum.jla-it.at\/pl\/akademia\/moduly-szkoleniowe-2-2\/#primaryimage"},"thumbnailUrl":"https:\/\/culum.jla-it.at\/www\/wp-content\/uploads\/2023\/08\/Logo_Akademie_Polen.png","datePublished":"2023-01-17T19:26:15+00:00","dateModified":"2023-10-26T10:02:55+00:00","breadcrumb":{"@id":"https:\/\/culum.jla-it.at\/pl\/akademia\/moduly-szkoleniowe-2-2\/#breadcrumb"},"inLanguage":"pl-PL","potentialAction":[{"@type":"ReadAction","target":["https:\/\/culum.jla-it.at\/pl\/akademia\/moduly-szkoleniowe-2-2\/"]}]},{"@type":"ImageObject","inLanguage":"pl-PL","@id":"https:\/\/culum.jla-it.at\/pl\/akademia\/moduly-szkoleniowe-2-2\/#primaryimage","url":"https:\/\/culum.jla-it.at\/www\/wp-content\/uploads\/2023\/08\/Logo_Akademie_Polen.png","contentUrl":"https:\/\/culum.jla-it.at\/www\/wp-content\/uploads\/2023\/08\/Logo_Akademie_Polen.png","width":1738,"height":1738},{"@type":"BreadcrumbList","@id":"https:\/\/culum.jla-it.at\/pl\/akademia\/moduly-szkoleniowe-2-2\/#breadcrumb","itemListElement":[{"@type":"ListItem","position":1,"name":"CULUMNATURA","item":"https:\/\/culum.jla-it.at\/pl\/"},{"@type":"ListItem","position":2,"name":"Akademia","item":"https:\/\/culum.jla-it.at\/pl\/akademie\/"},{"@type":"ListItem","position":3,"name":"Modu\u0142y szkoleniowe"}]},{"@type":"WebSite","@id":"https:\/\/culum.jla-it.at\/pl\/#website","url":"https:\/\/culum.jla-it.at\/pl\/","name":"CULUMNATURA","description":"","publisher":{"@id":"https:\/\/culum.jla-it.at\/pl\/#organization"},"potentialAction":[{"@type":"SearchAction","target":{"@type":"EntryPoint","urlTemplate":"https:\/\/culum.jla-it.at\/pl\/?s={search_term_string}"},"query-input":"required name=search_term_string"}],"inLanguage":"pl-PL"},{"@type":"Organization","@id":"https:\/\/culum.jla-it.at\/pl\/#organization","name":"CULUMNATURA","url":"https:\/\/culum.jla-it.at\/pl\/","logo":{"@type":"ImageObject","inLanguage":"pl-PL","@id":"https:\/\/culum.jla-it.at\/pl\/#\/schema\/logo\/image\/","url":"","contentUrl":"","caption":"CULUMNATURA"},"image":{"@id":"https:\/\/culum.jla-it.at\/pl\/#\/schema\/logo\/image\/"}}]}},"_links":{"self":[{"href":"https:\/\/culum.jla-it.at\/pl\/wp-json\/wp\/v2\/pages\/8513","targetHints":{"allow":["GET"]}}],"collection":[{"href":"https:\/\/culum.jla-it.at\/pl\/wp-json\/wp\/v2\/pages"}],"about":[{"href":"https:\/\/culum.jla-it.at\/pl\/wp-json\/wp\/v2\/types\/page"}],"author":[{"embeddable":true,"href":"https:\/\/culum.jla-it.at\/pl\/wp-json\/wp\/v2\/users\/1"}],"replies":[{"embeddable":true,"href":"https:\/\/culum.jla-it.at\/pl\/wp-json\/wp\/v2\/comments?post=8513"}],"version-history":[{"count":1,"href":"https:\/\/culum.jla-it.at\/pl\/wp-json\/wp\/v2\/pages\/8513\/revisions"}],"predecessor-version":[{"id":8514,"href":"https:\/\/culum.jla-it.at\/pl\/wp-json\/wp\/v2\/pages\/8513\/revisions\/8514"}],"up":[{"embeddable":true,"href":"https:\/\/culum.jla-it.at\/pl\/wp-json\/wp\/v2\/pages\/5164"}],"wp:featuredmedia":[{"embeddable":true,"href":"https:\/\/culum.jla-it.at\/pl\/wp-json\/wp\/v2\/media\/4591"}],"wp:attachment":[{"href":"https:\/\/culum.jla-it.at\/pl\/wp-json\/wp\/v2\/media?parent=8513"}],"curies":[{"name":"wp","href":"https:\/\/api.w.org\/{rel}","templated":true}]}}