{"id":7714,"date":"2023-01-15T18:57:14","date_gmt":"2023-01-15T17:57:14","guid":{"rendered":"https:\/\/culum.jla-it.at\/produkty\/wymagania\/"},"modified":"2023-10-21T12:22:16","modified_gmt":"2023-10-21T10:22:16","slug":"wymagania-2","status":"publish","type":"page","link":"https:\/\/culum.jla-it.at\/pl\/wymagania-2\/","title":{"rendered":"Wymogi"},"content":{"rendered":"\t\t<div data-elementor-type=\"wp-page\" data-elementor-id=\"7714\" class=\"elementor elementor-7714 elementor-7713\" data-elementor-post-type=\"page\">\n\t\t\t\t\t\t<section class=\"elementor-section elementor-top-section elementor-element elementor-element-7abbfb7c elementor-section-boxed elementor-section-height-default elementor-section-height-default\" data-id=\"7abbfb7c\" data-element_type=\"section\">\n\t\t\t\t\t\t<div class=\"elementor-container elementor-column-gap-default\">\n\t\t\t\t\t<div class=\"elementor-column elementor-col-100 elementor-top-column elementor-element elementor-element-2144a48e\" data-id=\"2144a48e\" data-element_type=\"column\">\n\t\t\t<div class=\"elementor-widget-wrap elementor-element-populated\">\n\t\t\t\t\t\t<div class=\"elementor-element elementor-element-4f52ba1d elementor-align-center elementor-widget elementor-widget-breadcrumbs\" data-id=\"4f52ba1d\" data-element_type=\"widget\" data-widget_type=\"breadcrumbs.default\">\n\t\t\t\t<div class=\"elementor-widget-container\">\n\t\t\t<p id=\"breadcrumbs\"><span><span><a href=\"https:\/\/culum.jla-it.at\/pl\/\">CULUMNATURA<\/a><\/span><\/span><\/p>\t\t<\/div>\n\t\t\t\t<\/div>\n\t\t\t\t\t<\/div>\n\t\t<\/div>\n\t\t\t\t\t<\/div>\n\t\t<\/section>\n\t\t\t\t<section class=\"elementor-section elementor-top-section elementor-element elementor-element-d5f955e elementor-section-height-min-height elementor-section-boxed elementor-section-height-default elementor-section-items-middle\" data-id=\"d5f955e\" data-element_type=\"section\">\n\t\t\t\t\t\t<div class=\"elementor-container elementor-column-gap-default\">\n\t\t\t\t\t<div class=\"elementor-column elementor-col-50 elementor-top-column elementor-element elementor-element-2f950ee\" data-id=\"2f950ee\" data-element_type=\"column\">\n\t\t\t<div class=\"elementor-widget-wrap elementor-element-populated\">\n\t\t\t\t\t\t<div class=\"elementor-element elementor-element-825a334 elementor-widget elementor-widget-heading\" data-id=\"825a334\" data-element_type=\"widget\" data-widget_type=\"heading.default\">\n\t\t\t\t<div class=\"elementor-widget-container\">\n\t\t\t<h2 class=\"elementor-heading-title elementor-size-default\">Wymogi<\/h2>\t\t<\/div>\n\t\t\t\t<\/div>\n\t\t\t\t<div class=\"elementor-element elementor-element-7129d50 elementor-widget elementor-widget-text-editor\" data-id=\"7129d50\" data-element_type=\"widget\" data-widget_type=\"text-editor.default\">\n\t\t\t\t<div class=\"elementor-widget-container\">\n\t\t\t\t\t\t\t<div class=\"ce_text block\" data-frontend-helper=\"{&quot;toolbar&quot;:true,&quot;links&quot;:{&quot;edit&quot;:{&quot;url&quot;:&quot;\\\/contao?do=article&amp;table=tl_content&amp;act=edit&amp;id=92351&amp;rt=wK9hNiP7l-BgzAwRHsphx1wa62WsULOaiSSifRnY1MM&amp;rsfhr=1&quot;,&quot;label&quot;:&quot;Edytuj zawarto\\u015b\\u0107 elementu ID 92351&quot;},&quot;delete&quot;:{&quot;url&quot;:&quot;\\\/contao?do=article&amp;table=tl_content&amp;act=delete&amp;id=92351&amp;rt=wK9hNiP7l-BgzAwRHsphx1wa62WsULOaiSSifRnY1MM&amp;rsfhr=1&quot;,&quot;label&quot;:&quot;Skasuj zawarto\\u015b\\u0107 elementu ID 92351&quot;,&quot;confirm&quot;:&quot;Naprawd\\u0119 chcesz skasowa\\u0107 wpis ID 92351?&quot;},&quot;pastenew&quot;:{&quot;url&quot;:&quot;\\\/contao?do=article&amp;table=tl_content&amp;act=create&amp;id=12597&amp;mode=1&amp;pid=92351&amp;rt=wK9hNiP7l-BgzAwRHsphx1wa62WsULOaiSSifRnY1MM&amp;rsfhr=1&quot;,&quot;label&quot;:&quot;Utw\\u00f3rz nowy element zawarto\\u015bci po elemencie zawarto\\u015bci ID 92351&quot;}}}\">\n<p>Produkty do piel\u0119gnacji sk\u00f3ry i w\u0142os\u00f3w C<span class=\"ulum\">ulum<\/span>NATURA sprzedawane s\u0105 wy\u0142\u0105cznie przez fryzjer\u00f3w i kosmetyczki NATURAlne. Produkty do piel\u0119gnacji sk\u00f3ry i w\u0142os\u00f3w CulumNATURA\u00a0mog\u0105 dystrybuowa\u0107 wy\u0142\u0105cznie osoby posiadaj\u0105ce dzia\u0142alno\u015b\u0107 gospodarcz\u0105 lub pracuj\u0105ce na w\u0142asny rachunek\u00a0w sektorze fryzjerskim i\/lub kosmetycznym, kt\u00f3re przesz\u0142y odpowiednie szkolenie.<\/p>\n<\/div>\n<div class=\"ce_list last block\" data-frontend-helper=\"{&quot;toolbar&quot;:true,&quot;links&quot;:{&quot;edit&quot;:{&quot;url&quot;:&quot;\\\/contao?do=article&amp;table=tl_content&amp;act=edit&amp;id=92352&amp;rt=wK9hNiP7l-BgzAwRHsphx1wa62WsULOaiSSifRnY1MM&amp;rsfhr=1&quot;,&quot;label&quot;:&quot;Edytuj zawarto\\u015b\\u0107 elementu ID 92352&quot;},&quot;delete&quot;:{&quot;url&quot;:&quot;\\\/contao?do=article&amp;table=tl_content&amp;act=delete&amp;id=92352&amp;rt=wK9hNiP7l-BgzAwRHsphx1wa62WsULOaiSSifRnY1MM&amp;rsfhr=1&quot;,&quot;label&quot;:&quot;Skasuj zawarto\\u015b\\u0107 elementu ID 92352&quot;,&quot;confirm&quot;:&quot;Naprawd\\u0119 chcesz skasowa\\u0107 wpis ID 92352?&quot;},&quot;pastenew&quot;:{&quot;url&quot;:&quot;\\\/contao?do=article&amp;table=tl_content&amp;act=create&amp;id=12597&amp;mode=1&amp;pid=92352&amp;rt=wK9hNiP7l-BgzAwRHsphx1wa62WsULOaiSSifRnY1MM&amp;rsfhr=1&quot;,&quot;label&quot;:&quot;Utw\\u00f3rz nowy element zawarto\\u015bci po elemencie zawarto\\u015bci ID 92352&quot;}}}\">\n<h4>Podstawowe wymagania dotycz\u0105ce nabywania produkt\u00f3w CulumNATURA:<\/h4>\n<ul>\n<li class=\"first\">Posiadanie koncesji handlowej: fryzjer lub kosmetyczka (dopuszczalni s\u0105 r\u00f3wnie\u017c partnerzy w dziedzinie medycyny alternatywnej i po\u0142o\u017cnictwa).<\/li>\n<li>Holistyczna fachowa wiedza.<\/li>\n<li>Uko\u0144czenie modu\u0142u Piel\u0119gnacja sk\u00f3ry i w\u0142os\u00f3w uprawnia fryzjer\u00f3w i kosmetyczki do dystrybucji produkt\u00f3w piel\u0119gnacyjnych C<span class=\"ulum\">ulum<\/span>NATURA.<\/li>\n<li class=\"last\">Uko\u0144czenie modu\u0142u satuscolor Farby ro\u015blinne do w\u0142os\u00f3w uprawnia fryzjer\u00f3w i kosmetyczki do dystrybucji produkt\u00f3w zwi\u0105zanych z koloryzacj\u0105 w\u0142os\u00f3w C<span class=\"ulum\">ulum<\/span>NATURA.<\/li>\n<\/ul>\n<\/div>\n\t\t\t\t\t\t<\/div>\n\t\t\t\t<\/div>\n\t\t\t\t\t<\/div>\n\t\t<\/div>\n\t\t\t\t<div class=\"elementor-column elementor-col-50 elementor-top-column elementor-element elementor-element-ac69526\" data-id=\"ac69526\" data-element_type=\"column\">\n\t\t\t<div class=\"elementor-widget-wrap elementor-element-populated\">\n\t\t\t\t\t\t<div class=\"elementor-element elementor-element-196c5cf dce_masking-none elementor-widget elementor-widget-image\" data-id=\"196c5cf\" data-element_type=\"widget\" data-widget_type=\"image.default\">\n\t\t\t\t<div class=\"elementor-widget-container\">\n\t\t\t\t\t\t\t\t\t\t\t\t\t<img fetchpriority=\"high\" decoding=\"async\" width=\"800\" height=\"533\" src=\"https:\/\/culum.jla-it.at\/www\/wp-content\/uploads\/2022\/12\/Beitrag-Aetherische-Oele-920x613-1.jpg\" class=\"attachment-large size-large wp-image-4574\" alt=\"\" srcset=\"https:\/\/culum.jla-it.at\/www\/wp-content\/uploads\/2022\/12\/Beitrag-Aetherische-Oele-920x613-1.jpg 920w, https:\/\/culum.jla-it.at\/www\/wp-content\/uploads\/2022\/12\/Beitrag-Aetherische-Oele-920x613-1-300x200.jpg 300w, https:\/\/culum.jla-it.at\/www\/wp-content\/uploads\/2022\/12\/Beitrag-Aetherische-Oele-920x613-1-768x512.jpg 768w\" sizes=\"(max-width: 800px) 100vw, 800px\" \/>\t\t\t\t\t\t\t\t\t\t\t\t\t<\/div>\n\t\t\t\t<\/div>\n\t\t\t\t\t<\/div>\n\t\t<\/div>\n\t\t\t\t\t<\/div>\n\t\t<\/section>\n\t\t\t\t<\/div>\n\t\t","protected":false},"excerpt":{"rendered":"<p>Wymogi Produkty do piel\u0119gnacji sk\u00f3ry i w\u0142os\u00f3w CulumNATURA sprzedawane s\u0105 wy\u0142\u0105cznie przez fryzjer\u00f3w i kosmetyczki NATURAlne. Produkty do piel\u0119gnacji sk\u00f3ry i w\u0142os\u00f3w CulumNATURA\u00a0mog\u0105 dystrybuowa\u0107 wy\u0142\u0105cznie osoby posiadaj\u0105ce dzia\u0142alno\u015b\u0107 gospodarcz\u0105 lub pracuj\u0105ce na w\u0142asny rachunek\u00a0w sektorze fryzjerskim i\/lub kosmetycznym, kt\u00f3re przesz\u0142y odpowiednie szkolenie. Podstawowe wymagania dotycz\u0105ce nabywania produkt\u00f3w CulumNATURA: Posiadanie koncesji handlowej: fryzjer lub kosmetyczka (dopuszczalni [&hellip;]<\/p>\n","protected":false},"author":1,"featured_media":0,"parent":0,"menu_order":0,"comment_status":"closed","ping_status":"closed","template":"elementor_header_footer","meta":{"_acf_changed":false,"footnotes":""},"class_list":["post-7714","page","type-page","status-publish","hentry"],"acf":[],"yoast_head":"<!-- This site is optimized with the Yoast SEO plugin v22.8 - https:\/\/yoast.com\/wordpress\/plugins\/seo\/ -->\n<title>Wymogi | CULUMNATURA<\/title>\n<meta name=\"robots\" content=\"noindex, follow, max-snippet:-1, max-image-preview:large, max-video-preview:-1\" \/>\n<meta property=\"og:locale\" content=\"pl_PL\" \/>\n<meta property=\"og:type\" content=\"article\" \/>\n<meta property=\"og:title\" content=\"Wymogi | CULUMNATURA\" \/>\n<meta property=\"og:description\" content=\"Wymogi Produkty do piel\u0119gnacji sk\u00f3ry i w\u0142os\u00f3w CulumNATURA sprzedawane s\u0105 wy\u0142\u0105cznie przez fryzjer\u00f3w i kosmetyczki NATURAlne. Produkty do piel\u0119gnacji sk\u00f3ry i w\u0142os\u00f3w CulumNATURA\u00a0mog\u0105 dystrybuowa\u0107 wy\u0142\u0105cznie osoby posiadaj\u0105ce dzia\u0142alno\u015b\u0107 gospodarcz\u0105 lub pracuj\u0105ce na w\u0142asny rachunek\u00a0w sektorze fryzjerskim i\/lub kosmetycznym, kt\u00f3re przesz\u0142y odpowiednie szkolenie. Podstawowe wymagania dotycz\u0105ce nabywania produkt\u00f3w CulumNATURA: Posiadanie koncesji handlowej: fryzjer lub kosmetyczka (dopuszczalni [&hellip;]\" \/>\n<meta property=\"og:url\" content=\"https:\/\/culum.jla-it.at\/pl\/wymagania-2\/\" \/>\n<meta property=\"og:site_name\" content=\"CULUMNATURA\" \/>\n<meta property=\"article:modified_time\" content=\"2023-10-21T10:22:16+00:00\" \/>\n<meta property=\"og:image\" content=\"https:\/\/culum.jla-it.at\/www\/wp-content\/uploads\/2022\/12\/Beitrag-Aetherische-Oele-920x613-1.jpg\" \/>\n<meta name=\"twitter:card\" content=\"summary_large_image\" \/>\n<meta name=\"twitter:label1\" content=\"Est. reading time\" \/>\n\t<meta name=\"twitter:data1\" content=\"1 minute\" \/>\n<script type=\"application\/ld+json\" class=\"yoast-schema-graph\">{\"@context\":\"https:\/\/schema.org\",\"@graph\":[{\"@type\":\"WebPage\",\"@id\":\"https:\/\/culum.jla-it.at\/pl\/wymagania-2\/\",\"url\":\"https:\/\/culum.jla-it.at\/pl\/wymagania-2\/\",\"name\":\"Wymogi | CULUMNATURA\",\"isPartOf\":{\"@id\":\"https:\/\/culum.jla-it.at\/pl\/#website\"},\"primaryImageOfPage\":{\"@id\":\"https:\/\/culum.jla-it.at\/pl\/wymagania-2\/#primaryimage\"},\"image\":{\"@id\":\"https:\/\/culum.jla-it.at\/pl\/wymagania-2\/#primaryimage\"},\"thumbnailUrl\":\"https:\/\/culum.jla-it.at\/www\/wp-content\/uploads\/2022\/12\/Beitrag-Aetherische-Oele-920x613-1.jpg\",\"datePublished\":\"2023-01-15T17:57:14+00:00\",\"dateModified\":\"2023-10-21T10:22:16+00:00\",\"breadcrumb\":{\"@id\":\"https:\/\/culum.jla-it.at\/pl\/wymagania-2\/#breadcrumb\"},\"inLanguage\":\"pl-PL\",\"potentialAction\":[{\"@type\":\"ReadAction\",\"target\":[\"https:\/\/culum.jla-it.at\/pl\/wymagania-2\/\"]}]},{\"@type\":\"ImageObject\",\"inLanguage\":\"pl-PL\",\"@id\":\"https:\/\/culum.jla-it.at\/pl\/wymagania-2\/#primaryimage\",\"url\":\"https:\/\/culum.jla-it.at\/www\/wp-content\/uploads\/2022\/12\/Beitrag-Aetherische-Oele-920x613-1.jpg\",\"contentUrl\":\"https:\/\/culum.jla-it.at\/www\/wp-content\/uploads\/2022\/12\/Beitrag-Aetherische-Oele-920x613-1.jpg\"},{\"@type\":\"BreadcrumbList\",\"@id\":\"https:\/\/culum.jla-it.at\/pl\/wymagania-2\/#breadcrumb\",\"itemListElement\":[{\"@type\":\"ListItem\",\"position\":1,\"name\":\"CULUMNATURA\",\"item\":\"https:\/\/culum.jla-it.at\/pl\/\"},{\"@type\":\"ListItem\",\"position\":2,\"name\":\"Wymogi\"}]},{\"@type\":\"WebSite\",\"@id\":\"https:\/\/culum.jla-it.at\/pl\/#website\",\"url\":\"https:\/\/culum.jla-it.at\/pl\/\",\"name\":\"CULUMNATURA\",\"description\":\"\",\"publisher\":{\"@id\":\"https:\/\/culum.jla-it.at\/pl\/#organization\"},\"potentialAction\":[{\"@type\":\"SearchAction\",\"target\":{\"@type\":\"EntryPoint\",\"urlTemplate\":\"https:\/\/culum.jla-it.at\/pl\/?s={search_term_string}\"},\"query-input\":\"required name=search_term_string\"}],\"inLanguage\":\"pl-PL\"},{\"@type\":\"Organization\",\"@id\":\"https:\/\/culum.jla-it.at\/pl\/#organization\",\"name\":\"CULUMNATURA\",\"url\":\"https:\/\/culum.jla-it.at\/pl\/\",\"logo\":{\"@type\":\"ImageObject\",\"inLanguage\":\"pl-PL\",\"@id\":\"https:\/\/culum.jla-it.at\/pl\/#\/schema\/logo\/image\/\",\"url\":\"\",\"contentUrl\":\"\",\"caption\":\"CULUMNATURA\"},\"image\":{\"@id\":\"https:\/\/culum.jla-it.at\/pl\/#\/schema\/logo\/image\/\"}}]}<\/script>\n<!-- \/ Yoast SEO plugin. -->","yoast_head_json":{"title":"Wymogi | CULUMNATURA","robots":{"index":"noindex","follow":"follow","max-snippet":"max-snippet:-1","max-image-preview":"max-image-preview:large","max-video-preview":"max-video-preview:-1"},"og_locale":"pl_PL","og_type":"article","og_title":"Wymogi | CULUMNATURA","og_description":"Wymogi Produkty do piel\u0119gnacji sk\u00f3ry i w\u0142os\u00f3w CulumNATURA sprzedawane s\u0105 wy\u0142\u0105cznie przez fryzjer\u00f3w i kosmetyczki NATURAlne. Produkty do piel\u0119gnacji sk\u00f3ry i w\u0142os\u00f3w CulumNATURA\u00a0mog\u0105 dystrybuowa\u0107 wy\u0142\u0105cznie osoby posiadaj\u0105ce dzia\u0142alno\u015b\u0107 gospodarcz\u0105 lub pracuj\u0105ce na w\u0142asny rachunek\u00a0w sektorze fryzjerskim i\/lub kosmetycznym, kt\u00f3re przesz\u0142y odpowiednie szkolenie. Podstawowe wymagania dotycz\u0105ce nabywania produkt\u00f3w CulumNATURA: Posiadanie koncesji handlowej: fryzjer lub kosmetyczka (dopuszczalni [&hellip;]","og_url":"https:\/\/culum.jla-it.at\/pl\/wymagania-2\/","og_site_name":"CULUMNATURA","article_modified_time":"2023-10-21T10:22:16+00:00","og_image":[{"url":"https:\/\/culum.jla-it.at\/www\/wp-content\/uploads\/2022\/12\/Beitrag-Aetherische-Oele-920x613-1.jpg"}],"twitter_card":"summary_large_image","twitter_misc":{"Est. reading time":"1 minute"},"schema":{"@context":"https:\/\/schema.org","@graph":[{"@type":"WebPage","@id":"https:\/\/culum.jla-it.at\/pl\/wymagania-2\/","url":"https:\/\/culum.jla-it.at\/pl\/wymagania-2\/","name":"Wymogi | CULUMNATURA","isPartOf":{"@id":"https:\/\/culum.jla-it.at\/pl\/#website"},"primaryImageOfPage":{"@id":"https:\/\/culum.jla-it.at\/pl\/wymagania-2\/#primaryimage"},"image":{"@id":"https:\/\/culum.jla-it.at\/pl\/wymagania-2\/#primaryimage"},"thumbnailUrl":"https:\/\/culum.jla-it.at\/www\/wp-content\/uploads\/2022\/12\/Beitrag-Aetherische-Oele-920x613-1.jpg","datePublished":"2023-01-15T17:57:14+00:00","dateModified":"2023-10-21T10:22:16+00:00","breadcrumb":{"@id":"https:\/\/culum.jla-it.at\/pl\/wymagania-2\/#breadcrumb"},"inLanguage":"pl-PL","potentialAction":[{"@type":"ReadAction","target":["https:\/\/culum.jla-it.at\/pl\/wymagania-2\/"]}]},{"@type":"ImageObject","inLanguage":"pl-PL","@id":"https:\/\/culum.jla-it.at\/pl\/wymagania-2\/#primaryimage","url":"https:\/\/culum.jla-it.at\/www\/wp-content\/uploads\/2022\/12\/Beitrag-Aetherische-Oele-920x613-1.jpg","contentUrl":"https:\/\/culum.jla-it.at\/www\/wp-content\/uploads\/2022\/12\/Beitrag-Aetherische-Oele-920x613-1.jpg"},{"@type":"BreadcrumbList","@id":"https:\/\/culum.jla-it.at\/pl\/wymagania-2\/#breadcrumb","itemListElement":[{"@type":"ListItem","position":1,"name":"CULUMNATURA","item":"https:\/\/culum.jla-it.at\/pl\/"},{"@type":"ListItem","position":2,"name":"Wymogi"}]},{"@type":"WebSite","@id":"https:\/\/culum.jla-it.at\/pl\/#website","url":"https:\/\/culum.jla-it.at\/pl\/","name":"CULUMNATURA","description":"","publisher":{"@id":"https:\/\/culum.jla-it.at\/pl\/#organization"},"potentialAction":[{"@type":"SearchAction","target":{"@type":"EntryPoint","urlTemplate":"https:\/\/culum.jla-it.at\/pl\/?s={search_term_string}"},"query-input":"required name=search_term_string"}],"inLanguage":"pl-PL"},{"@type":"Organization","@id":"https:\/\/culum.jla-it.at\/pl\/#organization","name":"CULUMNATURA","url":"https:\/\/culum.jla-it.at\/pl\/","logo":{"@type":"ImageObject","inLanguage":"pl-PL","@id":"https:\/\/culum.jla-it.at\/pl\/#\/schema\/logo\/image\/","url":"","contentUrl":"","caption":"CULUMNATURA"},"image":{"@id":"https:\/\/culum.jla-it.at\/pl\/#\/schema\/logo\/image\/"}}]}},"_links":{"self":[{"href":"https:\/\/culum.jla-it.at\/pl\/wp-json\/wp\/v2\/pages\/7714","targetHints":{"allow":["GET"]}}],"collection":[{"href":"https:\/\/culum.jla-it.at\/pl\/wp-json\/wp\/v2\/pages"}],"about":[{"href":"https:\/\/culum.jla-it.at\/pl\/wp-json\/wp\/v2\/types\/page"}],"author":[{"embeddable":true,"href":"https:\/\/culum.jla-it.at\/pl\/wp-json\/wp\/v2\/users\/1"}],"replies":[{"embeddable":true,"href":"https:\/\/culum.jla-it.at\/pl\/wp-json\/wp\/v2\/comments?post=7714"}],"version-history":[{"count":1,"href":"https:\/\/culum.jla-it.at\/pl\/wp-json\/wp\/v2\/pages\/7714\/revisions"}],"predecessor-version":[{"id":7715,"href":"https:\/\/culum.jla-it.at\/pl\/wp-json\/wp\/v2\/pages\/7714\/revisions\/7715"}],"wp:attachment":[{"href":"https:\/\/culum.jla-it.at\/pl\/wp-json\/wp\/v2\/media?parent=7714"}],"curies":[{"name":"wp","href":"https:\/\/api.w.org\/{rel}","templated":true}]}}