{"id":7129,"date":"2023-01-17T20:26:15","date_gmt":"2023-01-17T19:26:15","guid":{"rendered":"https:\/\/culum.jla-it.at\/akademia\/moduly-szkoleniowe\/"},"modified":"2023-10-17T11:41:02","modified_gmt":"2023-10-17T09:41:02","slug":"moduly-szkoleniowe-2","status":"publish","type":"page","link":"https:\/\/culum.jla-it.at\/pl\/akademia\/moduly-szkoleniowe-2\/","title":{"rendered":"Modu\u0142y szkoleniowe"},"content":{"rendered":"\t\t<div data-elementor-type=\"wp-page\" data-elementor-id=\"7129\" class=\"elementor elementor-7129 elementor-7128\" data-elementor-post-type=\"page\">\n\t\t\t\t\t\t<section class=\"elementor-section elementor-top-section elementor-element elementor-element-66ef2dee elementor-section-boxed elementor-section-height-default elementor-section-height-default\" data-id=\"66ef2dee\" data-element_type=\"section\">\n\t\t\t\t\t\t<div class=\"elementor-container elementor-column-gap-default\">\n\t\t\t\t\t<div class=\"elementor-column elementor-col-100 elementor-top-column elementor-element elementor-element-204b49d5\" data-id=\"204b49d5\" data-element_type=\"column\">\n\t\t\t<div class=\"elementor-widget-wrap elementor-element-populated\">\n\t\t\t\t\t\t<div class=\"elementor-element elementor-element-23e19508 elementor-align-center elementor-widget elementor-widget-breadcrumbs\" data-id=\"23e19508\" data-element_type=\"widget\" data-widget_type=\"breadcrumbs.default\">\n\t\t\t\t<div class=\"elementor-widget-container\">\n\t\t\t<p id=\"breadcrumbs\"><span><span><a href=\"https:\/\/culum.jla-it.at\/pl\/\">CULUMNATURA<\/a><\/span><\/span><\/p>\t\t<\/div>\n\t\t\t\t<\/div>\n\t\t\t\t\t<\/div>\n\t\t<\/div>\n\t\t\t\t\t<\/div>\n\t\t<\/section>\n\t\t\t\t<section class=\"elementor-section elementor-top-section elementor-element elementor-element-ed48bfb elementor-section-full_width elementor-section-height-default elementor-section-height-default\" data-id=\"ed48bfb\" data-element_type=\"section\">\n\t\t\t\t\t\t<div class=\"elementor-container elementor-column-gap-default\">\n\t\t\t\t\t<div class=\"elementor-column elementor-col-100 elementor-top-column elementor-element elementor-element-89d6ee9\" data-id=\"89d6ee9\" data-element_type=\"column\">\n\t\t\t<div class=\"elementor-widget-wrap elementor-element-populated\">\n\t\t\t\t\t\t<div class=\"elementor-element elementor-element-2832020 elementor-widget elementor-widget-html\" data-id=\"2832020\" data-element_type=\"widget\" data-widget_type=\"html.default\">\n\t\t\t\t<div class=\"elementor-widget-container\">\n\t\t\thttps:\/\/culum.jla-it.at\/pl\/kwiaty-liscie-lodygi-korzenie\/\t\t<\/div>\n\t\t\t\t<\/div>\n\t\t\t\t\t<\/div>\n\t\t<\/div>\n\t\t\t\t\t<\/div>\n\t\t<\/section>\n\t\t\t\t<\/div>\n\t\t","protected":false},"excerpt":{"rendered":"<p>Kwiaty, li\u015bcie, \u0142odygi, korzenie<\/p>\n","protected":false},"author":1,"featured_media":4591,"parent":5164,"menu_order":0,"comment_status":"closed","ping_status":"closed","template":"elementor_header_footer","meta":{"_acf_changed":false,"footnotes":""},"class_list":["post-7129","page","type-page","status-publish","has-post-thumbnail","hentry"],"acf":[],"yoast_head":"<!-- This site is optimized with the Yoast SEO plugin v22.8 - https:\/\/yoast.com\/wordpress\/plugins\/seo\/ -->\n<title>Modu\u0142y szkoleniowe | CULUMNATURA<\/title>\n<meta name=\"robots\" content=\"noindex, follow, max-snippet:-1, max-image-preview:large, max-video-preview:-1\" \/>\n<meta property=\"og:locale\" content=\"pl_PL\" \/>\n<meta property=\"og:type\" content=\"article\" \/>\n<meta property=\"og:title\" content=\"Modu\u0142y szkoleniowe | CULUMNATURA\" \/>\n<meta property=\"og:description\" content=\"Kwiaty, li\u015bcie, \u0142odygi, korzenie\" \/>\n<meta property=\"og:url\" content=\"https:\/\/culum.jla-it.at\/pl\/akademia\/moduly-szkoleniowe-2\/\" \/>\n<meta property=\"og:site_name\" content=\"CULUMNATURA\" \/>\n<meta property=\"article:modified_time\" content=\"2023-10-17T09:41:02+00:00\" \/>\n<meta name=\"twitter:card\" content=\"summary_large_image\" \/>\n<script type=\"application\/ld+json\" class=\"yoast-schema-graph\">{\"@context\":\"https:\/\/schema.org\",\"@graph\":[{\"@type\":\"WebPage\",\"@id\":\"https:\/\/culum.jla-it.at\/pl\/akademia\/moduly-szkoleniowe-2\/\",\"url\":\"https:\/\/culum.jla-it.at\/pl\/akademia\/moduly-szkoleniowe-2\/\",\"name\":\"Modu\u0142y szkoleniowe | CULUMNATURA\",\"isPartOf\":{\"@id\":\"https:\/\/culum.jla-it.at\/pl\/#website\"},\"primaryImageOfPage\":{\"@id\":\"https:\/\/culum.jla-it.at\/pl\/akademia\/moduly-szkoleniowe-2\/#primaryimage\"},\"image\":{\"@id\":\"https:\/\/culum.jla-it.at\/pl\/akademia\/moduly-szkoleniowe-2\/#primaryimage\"},\"thumbnailUrl\":\"https:\/\/culum.jla-it.at\/www\/wp-content\/uploads\/2023\/08\/Logo_Akademie_Polen.png\",\"datePublished\":\"2023-01-17T19:26:15+00:00\",\"dateModified\":\"2023-10-17T09:41:02+00:00\",\"breadcrumb\":{\"@id\":\"https:\/\/culum.jla-it.at\/pl\/akademia\/moduly-szkoleniowe-2\/#breadcrumb\"},\"inLanguage\":\"pl-PL\",\"potentialAction\":[{\"@type\":\"ReadAction\",\"target\":[\"https:\/\/culum.jla-it.at\/pl\/akademia\/moduly-szkoleniowe-2\/\"]}]},{\"@type\":\"ImageObject\",\"inLanguage\":\"pl-PL\",\"@id\":\"https:\/\/culum.jla-it.at\/pl\/akademia\/moduly-szkoleniowe-2\/#primaryimage\",\"url\":\"https:\/\/culum.jla-it.at\/www\/wp-content\/uploads\/2023\/08\/Logo_Akademie_Polen.png\",\"contentUrl\":\"https:\/\/culum.jla-it.at\/www\/wp-content\/uploads\/2023\/08\/Logo_Akademie_Polen.png\",\"width\":1738,\"height\":1738},{\"@type\":\"BreadcrumbList\",\"@id\":\"https:\/\/culum.jla-it.at\/pl\/akademia\/moduly-szkoleniowe-2\/#breadcrumb\",\"itemListElement\":[{\"@type\":\"ListItem\",\"position\":1,\"name\":\"CULUMNATURA\",\"item\":\"https:\/\/culum.jla-it.at\/pl\/\"},{\"@type\":\"ListItem\",\"position\":2,\"name\":\"Akademia\",\"item\":\"https:\/\/culum.jla-it.at\/pl\/akademie\/\"},{\"@type\":\"ListItem\",\"position\":3,\"name\":\"Modu\u0142y szkoleniowe\"}]},{\"@type\":\"WebSite\",\"@id\":\"https:\/\/culum.jla-it.at\/pl\/#website\",\"url\":\"https:\/\/culum.jla-it.at\/pl\/\",\"name\":\"CULUMNATURA\",\"description\":\"\",\"publisher\":{\"@id\":\"https:\/\/culum.jla-it.at\/pl\/#organization\"},\"potentialAction\":[{\"@type\":\"SearchAction\",\"target\":{\"@type\":\"EntryPoint\",\"urlTemplate\":\"https:\/\/culum.jla-it.at\/pl\/?s={search_term_string}\"},\"query-input\":\"required name=search_term_string\"}],\"inLanguage\":\"pl-PL\"},{\"@type\":\"Organization\",\"@id\":\"https:\/\/culum.jla-it.at\/pl\/#organization\",\"name\":\"CULUMNATURA\",\"url\":\"https:\/\/culum.jla-it.at\/pl\/\",\"logo\":{\"@type\":\"ImageObject\",\"inLanguage\":\"pl-PL\",\"@id\":\"https:\/\/culum.jla-it.at\/pl\/#\/schema\/logo\/image\/\",\"url\":\"\",\"contentUrl\":\"\",\"caption\":\"CULUMNATURA\"},\"image\":{\"@id\":\"https:\/\/culum.jla-it.at\/pl\/#\/schema\/logo\/image\/\"}}]}<\/script>\n<!-- \/ Yoast SEO plugin. -->","yoast_head_json":{"title":"Modu\u0142y szkoleniowe | CULUMNATURA","robots":{"index":"noindex","follow":"follow","max-snippet":"max-snippet:-1","max-image-preview":"max-image-preview:large","max-video-preview":"max-video-preview:-1"},"og_locale":"pl_PL","og_type":"article","og_title":"Modu\u0142y szkoleniowe | CULUMNATURA","og_description":"Kwiaty, li\u015bcie, \u0142odygi, korzenie","og_url":"https:\/\/culum.jla-it.at\/pl\/akademia\/moduly-szkoleniowe-2\/","og_site_name":"CULUMNATURA","article_modified_time":"2023-10-17T09:41:02+00:00","twitter_card":"summary_large_image","schema":{"@context":"https:\/\/schema.org","@graph":[{"@type":"WebPage","@id":"https:\/\/culum.jla-it.at\/pl\/akademia\/moduly-szkoleniowe-2\/","url":"https:\/\/culum.jla-it.at\/pl\/akademia\/moduly-szkoleniowe-2\/","name":"Modu\u0142y szkoleniowe | CULUMNATURA","isPartOf":{"@id":"https:\/\/culum.jla-it.at\/pl\/#website"},"primaryImageOfPage":{"@id":"https:\/\/culum.jla-it.at\/pl\/akademia\/moduly-szkoleniowe-2\/#primaryimage"},"image":{"@id":"https:\/\/culum.jla-it.at\/pl\/akademia\/moduly-szkoleniowe-2\/#primaryimage"},"thumbnailUrl":"https:\/\/culum.jla-it.at\/www\/wp-content\/uploads\/2023\/08\/Logo_Akademie_Polen.png","datePublished":"2023-01-17T19:26:15+00:00","dateModified":"2023-10-17T09:41:02+00:00","breadcrumb":{"@id":"https:\/\/culum.jla-it.at\/pl\/akademia\/moduly-szkoleniowe-2\/#breadcrumb"},"inLanguage":"pl-PL","potentialAction":[{"@type":"ReadAction","target":["https:\/\/culum.jla-it.at\/pl\/akademia\/moduly-szkoleniowe-2\/"]}]},{"@type":"ImageObject","inLanguage":"pl-PL","@id":"https:\/\/culum.jla-it.at\/pl\/akademia\/moduly-szkoleniowe-2\/#primaryimage","url":"https:\/\/culum.jla-it.at\/www\/wp-content\/uploads\/2023\/08\/Logo_Akademie_Polen.png","contentUrl":"https:\/\/culum.jla-it.at\/www\/wp-content\/uploads\/2023\/08\/Logo_Akademie_Polen.png","width":1738,"height":1738},{"@type":"BreadcrumbList","@id":"https:\/\/culum.jla-it.at\/pl\/akademia\/moduly-szkoleniowe-2\/#breadcrumb","itemListElement":[{"@type":"ListItem","position":1,"name":"CULUMNATURA","item":"https:\/\/culum.jla-it.at\/pl\/"},{"@type":"ListItem","position":2,"name":"Akademia","item":"https:\/\/culum.jla-it.at\/pl\/akademie\/"},{"@type":"ListItem","position":3,"name":"Modu\u0142y szkoleniowe"}]},{"@type":"WebSite","@id":"https:\/\/culum.jla-it.at\/pl\/#website","url":"https:\/\/culum.jla-it.at\/pl\/","name":"CULUMNATURA","description":"","publisher":{"@id":"https:\/\/culum.jla-it.at\/pl\/#organization"},"potentialAction":[{"@type":"SearchAction","target":{"@type":"EntryPoint","urlTemplate":"https:\/\/culum.jla-it.at\/pl\/?s={search_term_string}"},"query-input":"required name=search_term_string"}],"inLanguage":"pl-PL"},{"@type":"Organization","@id":"https:\/\/culum.jla-it.at\/pl\/#organization","name":"CULUMNATURA","url":"https:\/\/culum.jla-it.at\/pl\/","logo":{"@type":"ImageObject","inLanguage":"pl-PL","@id":"https:\/\/culum.jla-it.at\/pl\/#\/schema\/logo\/image\/","url":"","contentUrl":"","caption":"CULUMNATURA"},"image":{"@id":"https:\/\/culum.jla-it.at\/pl\/#\/schema\/logo\/image\/"}}]}},"_links":{"self":[{"href":"https:\/\/culum.jla-it.at\/pl\/wp-json\/wp\/v2\/pages\/7129","targetHints":{"allow":["GET"]}}],"collection":[{"href":"https:\/\/culum.jla-it.at\/pl\/wp-json\/wp\/v2\/pages"}],"about":[{"href":"https:\/\/culum.jla-it.at\/pl\/wp-json\/wp\/v2\/types\/page"}],"author":[{"embeddable":true,"href":"https:\/\/culum.jla-it.at\/pl\/wp-json\/wp\/v2\/users\/1"}],"replies":[{"embeddable":true,"href":"https:\/\/culum.jla-it.at\/pl\/wp-json\/wp\/v2\/comments?post=7129"}],"version-history":[{"count":2,"href":"https:\/\/culum.jla-it.at\/pl\/wp-json\/wp\/v2\/pages\/7129\/revisions"}],"predecessor-version":[{"id":7584,"href":"https:\/\/culum.jla-it.at\/pl\/wp-json\/wp\/v2\/pages\/7129\/revisions\/7584"}],"up":[{"embeddable":true,"href":"https:\/\/culum.jla-it.at\/pl\/wp-json\/wp\/v2\/pages\/5164"}],"wp:featuredmedia":[{"embeddable":true,"href":"https:\/\/culum.jla-it.at\/pl\/wp-json\/wp\/v2\/media\/4591"}],"wp:attachment":[{"href":"https:\/\/culum.jla-it.at\/pl\/wp-json\/wp\/v2\/media?parent=7129"}],"curies":[{"name":"wp","href":"https:\/\/api.w.org\/{rel}","templated":true}]}}