{"id":5202,"date":"2023-01-17T20:30:27","date_gmt":"2023-01-17T19:30:27","guid":{"rendered":"https:\/\/culum.jla-it.at\/kontakt\/"},"modified":"2023-08-21T17:25:05","modified_gmt":"2023-08-21T15:25:05","slug":"kontakt","status":"publish","type":"page","link":"https:\/\/culum.jla-it.at\/pl\/culumnatura\/kontakt\/","title":{"rendered":"Kontakt"},"content":{"rendered":"\t\t<div data-elementor-type=\"wp-page\" data-elementor-id=\"5202\" class=\"elementor elementor-5202 elementor-1928\" data-elementor-post-type=\"page\">\n\t\t\t\t\t\t<section class=\"elementor-section elementor-top-section elementor-element elementor-element-181edb83 elementor-section-boxed elementor-section-height-default elementor-section-height-default\" data-id=\"181edb83\" data-element_type=\"section\">\n\t\t\t\t\t\t<div class=\"elementor-container elementor-column-gap-default\">\n\t\t\t\t\t<div class=\"elementor-column elementor-col-100 elementor-top-column elementor-element elementor-element-71f6ccf2\" data-id=\"71f6ccf2\" data-element_type=\"column\">\n\t\t\t<div class=\"elementor-widget-wrap elementor-element-populated\">\n\t\t\t\t\t\t<div class=\"elementor-element elementor-element-5bc5dc27 elementor-align-center elementor-widget elementor-widget-breadcrumbs\" data-id=\"5bc5dc27\" data-element_type=\"widget\" data-widget_type=\"breadcrumbs.default\">\n\t\t\t\t<div class=\"elementor-widget-container\">\n\t\t\t<p id=\"breadcrumbs\"><span><span><a href=\"https:\/\/culum.jla-it.at\/pl\/\">CULUMNATURA<\/a><\/span><\/span><\/p>\t\t<\/div>\n\t\t\t\t<\/div>\n\t\t\t\t\t<\/div>\n\t\t<\/div>\n\t\t\t\t\t<\/div>\n\t\t<\/section>\n\t\t\t\t<section class=\"elementor-section elementor-top-section elementor-element elementor-element-2793f496 elementor-section-content-middle elementor-reverse-mobile elementor-section-boxed elementor-section-height-default elementor-section-height-default\" data-id=\"2793f496\" data-element_type=\"section\">\n\t\t\t\t\t\t<div class=\"elementor-container elementor-column-gap-extended\">\n\t\t\t\t\t<div class=\"elementor-column elementor-col-25 elementor-top-column elementor-element elementor-element-7699468d\" data-id=\"7699468d\" data-element_type=\"column\">\n\t\t\t<div class=\"elementor-widget-wrap elementor-element-populated\">\n\t\t\t\t\t\t<div class=\"elementor-element elementor-element-74df154 dce_masking-none elementor-widget elementor-widget-image\" data-id=\"74df154\" data-element_type=\"widget\" data-widget_type=\"image.default\">\n\t\t\t\t<div class=\"elementor-widget-container\">\n\t\t\t\t\t\t\t\t\t\t\t\t\t<img fetchpriority=\"high\" decoding=\"async\" width=\"295\" height=\"300\" src=\"https:\/\/culum.jla-it.at\/www\/wp-content\/uploads\/2023\/08\/CN-Polen-Logo-2-295x300.png\" class=\"attachment-medium size-medium wp-image-4569\" alt=\"\" srcset=\"https:\/\/culum.jla-it.at\/www\/wp-content\/uploads\/2023\/08\/CN-Polen-Logo-2-295x300.png 295w, https:\/\/culum.jla-it.at\/www\/wp-content\/uploads\/2023\/08\/CN-Polen-Logo-2-1007x1024.png 1007w, https:\/\/culum.jla-it.at\/www\/wp-content\/uploads\/2023\/08\/CN-Polen-Logo-2-768x781.png 768w, https:\/\/culum.jla-it.at\/www\/wp-content\/uploads\/2023\/08\/CN-Polen-Logo-2.png 1182w\" sizes=\"(max-width: 295px) 100vw, 295px\" \/>\t\t\t\t\t\t\t\t\t\t\t\t\t<\/div>\n\t\t\t\t<\/div>\n\t\t\t\t\t<\/div>\n\t\t<\/div>\n\t\t\t\t<div class=\"elementor-column elementor-col-25 elementor-top-column elementor-element elementor-element-16eb7074\" data-id=\"16eb7074\" data-element_type=\"column\">\n\t\t\t<div class=\"elementor-widget-wrap elementor-element-populated\">\n\t\t\t\t\t\t<div class=\"elementor-element elementor-element-23d7edd8 elementor-widget elementor-widget-heading\" data-id=\"23d7edd8\" data-element_type=\"widget\" data-widget_type=\"heading.default\">\n\t\t\t\t<div class=\"elementor-widget-container\">\n\t\t\t<h4 class=\"elementor-heading-title elementor-size-default\"><bold> Obs\u0142uga klienta<\/bold> CULUMNATURA<\/h4>\t\t<\/div>\n\t\t\t\t<\/div>\n\t\t\t\t<section class=\"elementor-section elementor-inner-section elementor-element elementor-element-43ad2473 elementor-section-boxed elementor-section-height-default elementor-section-height-default\" data-id=\"43ad2473\" data-element_type=\"section\">\n\t\t\t\t\t\t<div class=\"elementor-container elementor-column-gap-default\">\n\t\t\t\t\t<div class=\"elementor-column elementor-col-100 elementor-inner-column elementor-element elementor-element-645b395\" data-id=\"645b395\" data-element_type=\"column\">\n\t\t\t<div class=\"elementor-widget-wrap elementor-element-populated\">\n\t\t\t\t\t\t<div class=\"elementor-element elementor-element-70b4648a elementor-widget elementor-widget-heading\" data-id=\"70b4648a\" data-element_type=\"widget\" data-widget_type=\"heading.default\">\n\t\t\t\t<div class=\"elementor-widget-container\">\n\t\t\t<div class=\"elementor-heading-title elementor-size-default\">Wilhelm Luger GmbH<\/div>\t\t<\/div>\n\t\t\t\t<\/div>\n\t\t\t\t<div class=\"elementor-element elementor-element-5f0ae696 elementor-widget elementor-widget-text-editor\" data-id=\"5f0ae696\" data-element_type=\"widget\" data-widget_type=\"text-editor.default\">\n\t\t\t\t<div class=\"elementor-widget-container\">\n\t\t\t\t\t\t\t<p>E-Werkgasse 13<br \/>A-2115 Ernstbrunn<\/p>\n\t\t\t\t\t\t<\/div>\n\t\t\t\t<\/div>\n\t\t\t\t<div class=\"elementor-element elementor-element-30464b0b elementor-widget elementor-widget-heading\" data-id=\"30464b0b\" data-element_type=\"widget\" data-widget_type=\"heading.default\">\n\t\t\t\t<div class=\"elementor-widget-container\">\n\t\t\t<div class=\"elementor-heading-title elementor-size-default\">Skontaktuj si\u0119 z nami<\/div>\t\t<\/div>\n\t\t\t\t<\/div>\n\t\t\t\t<div class=\"elementor-element elementor-element-45666e66 elementor-widget elementor-widget-text-editor\" data-id=\"45666e66\" data-element_type=\"widget\" data-widget_type=\"text-editor.default\">\n\t\t\t\t<div class=\"elementor-widget-container\">\n\t\t\t\t\t\t\t<p>Tel. +43 (0) 2576 20 89 &#8211; 38<br \/>\n+43 664 96 45 912<\/p>\n<p>Faks +43 (0) 2576 20 89 &#8211; 25<\/p>\n\t\t\t\t\t\t<\/div>\n\t\t\t\t<\/div>\n\t\t\t\t\t<\/div>\n\t\t<\/div>\n\t\t\t\t\t<\/div>\n\t\t<\/section>\n\t\t\t\t<section class=\"elementor-section elementor-inner-section elementor-element elementor-element-66146a30 elementor-section-boxed elementor-section-height-default elementor-section-height-default\" data-id=\"66146a30\" data-element_type=\"section\">\n\t\t\t\t\t\t<div class=\"elementor-container elementor-column-gap-default\">\n\t\t\t\t\t<div class=\"elementor-column elementor-col-100 elementor-inner-column elementor-element elementor-element-6bdd5c99\" data-id=\"6bdd5c99\" data-element_type=\"column\">\n\t\t\t<div class=\"elementor-widget-wrap elementor-element-populated\">\n\t\t\t\t\t\t<div class=\"elementor-element elementor-element-3711126a elementor-widget elementor-widget-text-editor\" data-id=\"3711126a\" data-element_type=\"widget\" data-widget_type=\"text-editor.default\">\n\t\t\t\t<div class=\"elementor-widget-container\">\n\t\t\t\t\t\t\t<p><a href=\"mailto:info@culumnatura.at\">polska@culumnatura.at<\/a><br \/><a href=\"https:\/\/www.culumnatura.com\/pl\/\" target=\"_blank\" rel=\"noopener\">https:\/\/www.culumnatura.com\/pl\/<\/a><\/p>\t\t\t\t\t\t<\/div>\n\t\t\t\t<\/div>\n\t\t\t\t<div class=\"elementor-element elementor-element-29954de7 elementor-widget elementor-widget-heading\" data-id=\"29954de7\" data-element_type=\"widget\" data-widget_type=\"heading.default\">\n\t\t\t\t<div class=\"elementor-widget-container\">\n\t\t\t<div class=\"elementor-heading-title elementor-size-default\"><br>Zapraszamy do \u015bledzenia naszych kana\u0142\u00f3w:<\/div>\t\t<\/div>\n\t\t\t\t<\/div>\n\t\t\t\t<div class=\"elementor-element elementor-element-1c9df23c elementor-shape-square e-grid-align-left elementor-grid-0 elementor-widget elementor-widget-social-icons\" data-id=\"1c9df23c\" data-element_type=\"widget\" data-widget_type=\"social-icons.default\">\n\t\t\t\t<div class=\"elementor-widget-container\">\n\t\t\t\t\t<div class=\"elementor-social-icons-wrapper elementor-grid\">\n\t\t\t\t\t\t\t<span class=\"elementor-grid-item\">\n\t\t\t\t\t<a class=\"elementor-icon elementor-social-icon elementor-social-icon-facebook-f elementor-animation-grow elementor-repeater-item-2d0da0c\" href=\"https:\/\/www.facebook.com\/culumnatura.polska\/\" target=\"_blank\">\n\t\t\t\t\t\t<span class=\"elementor-screen-only\">Facebook-f<\/span>\n\t\t\t\t\t\t<i class=\"fab fa-facebook-f\"><\/i>\t\t\t\t\t<\/a>\n\t\t\t\t<\/span>\n\t\t\t\t\t\t\t<span class=\"elementor-grid-item\">\n\t\t\t\t\t<a class=\"elementor-icon elementor-social-icon elementor-social-icon-instagram elementor-animation-grow elementor-repeater-item-b9edb46\" href=\"https:\/\/www.instagram.com\/culumnatura_polska\/\" target=\"_blank\">\n\t\t\t\t\t\t<span class=\"elementor-screen-only\">Instagram<\/span>\n\t\t\t\t\t\t<i class=\"fab fa-instagram\"><\/i>\t\t\t\t\t<\/a>\n\t\t\t\t<\/span>\n\t\t\t\t\t\t\t<span class=\"elementor-grid-item\">\n\t\t\t\t\t<a class=\"elementor-icon elementor-social-icon elementor-social-icon-youtube elementor-animation-grow elementor-repeater-item-1d0e87f\" href=\"https:\/\/www.youtube.com\/watch?v=5nCCcJisLYk&#038;t=5s\" target=\"_blank\">\n\t\t\t\t\t\t<span class=\"elementor-screen-only\">Youtube<\/span>\n\t\t\t\t\t\t<i class=\"fab fa-youtube\"><\/i>\t\t\t\t\t<\/a>\n\t\t\t\t<\/span>\n\t\t\t\t\t<\/div>\n\t\t\t\t<\/div>\n\t\t\t\t<\/div>\n\t\t\t\t\t<\/div>\n\t\t<\/div>\n\t\t\t\t\t<\/div>\n\t\t<\/section>\n\t\t\t\t\t<\/div>\n\t\t<\/div>\n\t\t\t\t<div class=\"elementor-column elementor-col-25 elementor-top-column elementor-element elementor-element-dfa89ee\" data-id=\"dfa89ee\" data-element_type=\"column\">\n\t\t\t<div class=\"elementor-widget-wrap elementor-element-populated\">\n\t\t\t\t\t\t<div class=\"elementor-element elementor-element-7ba1d8b dce_masking-none elementor-widget elementor-widget-image\" data-id=\"7ba1d8b\" data-element_type=\"widget\" data-widget_type=\"image.default\">\n\t\t\t\t<div class=\"elementor-widget-container\">\n\t\t\t\t\t\t\t\t\t\t\t\t\t<img decoding=\"async\" width=\"300\" height=\"300\" src=\"https:\/\/culum.jla-it.at\/www\/wp-content\/uploads\/2023\/08\/Logo_Akademie_Polen-300x300.png\" class=\"attachment-medium size-medium wp-image-4591\" alt=\"\" srcset=\"https:\/\/culum.jla-it.at\/www\/wp-content\/uploads\/2023\/08\/Logo_Akademie_Polen-300x300.png 300w, https:\/\/culum.jla-it.at\/www\/wp-content\/uploads\/2023\/08\/Logo_Akademie_Polen-1024x1024.png 1024w, https:\/\/culum.jla-it.at\/www\/wp-content\/uploads\/2023\/08\/Logo_Akademie_Polen-150x150.png 150w, https:\/\/culum.jla-it.at\/www\/wp-content\/uploads\/2023\/08\/Logo_Akademie_Polen-768x768.png 768w, https:\/\/culum.jla-it.at\/www\/wp-content\/uploads\/2023\/08\/Logo_Akademie_Polen-1536x1536.png 1536w, https:\/\/culum.jla-it.at\/www\/wp-content\/uploads\/2023\/08\/Logo_Akademie_Polen.png 1738w\" sizes=\"(max-width: 300px) 100vw, 300px\" \/>\t\t\t\t\t\t\t\t\t\t\t\t\t<\/div>\n\t\t\t\t<\/div>\n\t\t\t\t\t<\/div>\n\t\t<\/div>\n\t\t\t\t<div class=\"elementor-column elementor-col-25 elementor-top-column elementor-element elementor-element-47cb247\" data-id=\"47cb247\" data-element_type=\"column\">\n\t\t\t<div class=\"elementor-widget-wrap elementor-element-populated\">\n\t\t\t\t\t\t<div class=\"elementor-element elementor-element-8490d01 elementor-widget elementor-widget-heading\" data-id=\"8490d01\" data-element_type=\"widget\" data-widget_type=\"heading.default\">\n\t\t\t\t<div class=\"elementor-widget-container\">\n\t\t\t<h4 class=\"elementor-heading-title elementor-size-default\">INFOLINIA AKADEMII CULUMNATURA <\/h4>\t\t<\/div>\n\t\t\t\t<\/div>\n\t\t\t\t<div class=\"elementor-element elementor-element-79c2b6c elementor-widget elementor-widget-heading\" data-id=\"79c2b6c\" data-element_type=\"widget\" data-widget_type=\"heading.default\">\n\t\t\t\t<div class=\"elementor-widget-container\">\n\t\t\t<div class=\"elementor-heading-title elementor-size-default\">Infolinia wy\u0142\u0105cznie dla fryzjerek i fryzjer\u00f3w NATURAlnych<\/div>\t\t<\/div>\n\t\t\t\t<\/div>\n\t\t\t\t<div class=\"elementor-element elementor-element-2eca06a elementor-widget elementor-widget-text-editor\" data-id=\"2eca06a\" data-element_type=\"widget\" data-widget_type=\"text-editor.default\">\n\t\t\t\t<div class=\"elementor-widget-container\">\n\t\t\t\t\t\t\t<p>Tel. dla dzwoni\u0105cych z Polski:<br \/>+48 882 738 050<\/p><p>Wtorek 18:00-20:00<\/p><p>Tel. dla dzwoni\u0105cych z Austrii\/Szwajcarii (w j.niem):<br \/><a href=\"tel:+491805888226\">+49 (0) 180 58 88 226<\/a><\/p><p>Tel. dla os\u00f3b dzwoni\u0105cych z Niemiec (w j.niem):<br \/><a href=\"tel:08002089002\">0800 20 89 002<\/a><\/p><p>Poniedzia\u0142ek 09:00 &#8211; 12:00<br \/>Czwartek 08:30 &#8211; 11:30<\/p><p><a href=\"mailto:akademie@culumnatura.at\">akademie@culumnatura.at<\/a><br \/><a href=\"https:\/\/culum.jla-it.at\/pl\/akademia\/\" rel=\"noopener\">https:\/\/www.culumnatura.at\/pl\/akademia\/<\/a><\/p>\t\t\t\t\t\t<\/div>\n\t\t\t\t<\/div>\n\t\t\t\t\t<\/div>\n\t\t<\/div>\n\t\t\t\t\t<\/div>\n\t\t<\/section>\n\t\t\t\t<section class=\"elementor-section elementor-top-section elementor-element elementor-element-dc58b1c elementor-section-boxed elementor-section-height-default elementor-section-height-default\" data-id=\"dc58b1c\" data-element_type=\"section\">\n\t\t\t\t\t\t<div class=\"elementor-container elementor-column-gap-default\">\n\t\t\t\t\t<div class=\"elementor-column elementor-col-100 elementor-top-column elementor-element elementor-element-b7f1b94\" data-id=\"b7f1b94\" data-element_type=\"column\">\n\t\t\t<div class=\"elementor-widget-wrap elementor-element-populated\">\n\t\t\t\t\t\t<div class=\"elementor-element elementor-element-193b6cc2 elementor-widget elementor-widget-google_maps\" data-id=\"193b6cc2\" data-element_type=\"widget\" data-widget_type=\"google_maps.default\">\n\t\t\t\t<div class=\"elementor-widget-container\">\n\t\t\t\t\t<div class=\"elementor-custom-embed\">\n\t\t\t<iframe loading=\"lazy\"\n\t\t\t\t\tsrc=\"https:\/\/maps.google.com\/maps?q=E-Werkgasse%2013%20A-2115%20Ernstbrunn&#038;t=m&#038;z=18&#038;output=embed&#038;iwloc=near\"\n\t\t\t\t\ttitle=\"E-Werkgasse 13 A-2115 Ernstbrunn\"\n\t\t\t\t\taria-label=\"E-Werkgasse 13 A-2115 Ernstbrunn\"\n\t\t\t><\/iframe>\n\t\t<\/div>\n\t\t\t\t<\/div>\n\t\t\t\t<\/div>\n\t\t\t\t\t<\/div>\n\t\t<\/div>\n\t\t\t\t\t<\/div>\n\t\t<\/section>\n\t\t\t\t<\/div>\n\t\t","protected":false},"excerpt":{"rendered":"<p>Obs\u0142uga klienta CULUMNATURA Wilhelm Luger GmbH E-Werkgasse 13A-2115 Ernstbrunn Skontaktuj si\u0119 z nami Tel. +43 (0) 2576 20 89 &#8211; 38 +43 664 96 45 912 Faks +43 (0) 2576 20 89 &#8211; 25 polska@culumnatura.athttps:\/\/www.culumnatura.com\/pl\/ Zapraszamy do \u015bledzenia naszych kana\u0142\u00f3w: Facebook-f Instagram Youtube INFOLINIA AKADEMII CULUMNATURA Infolinia wy\u0142\u0105cznie dla fryzjerek i fryzjer\u00f3w NATURAlnych Tel. dla [&hellip;]<\/p>\n","protected":false},"author":1,"featured_media":6528,"parent":5199,"menu_order":0,"comment_status":"closed","ping_status":"closed","template":"elementor_header_footer","meta":{"_acf_changed":false,"footnotes":""},"class_list":["post-5202","page","type-page","status-publish","has-post-thumbnail","hentry"],"acf":[],"yoast_head":"<!-- This site is optimized with the Yoast SEO plugin v22.8 - https:\/\/yoast.com\/wordpress\/plugins\/seo\/ -->\n<title>Kontakt | CULUMNATURA<\/title>\n<meta name=\"robots\" content=\"noindex, follow, max-snippet:-1, max-image-preview:large, max-video-preview:-1\" \/>\n<meta property=\"og:locale\" content=\"pl_PL\" \/>\n<meta property=\"og:type\" content=\"article\" \/>\n<meta property=\"og:title\" content=\"Kontakt | CULUMNATURA\" \/>\n<meta property=\"og:description\" content=\"Obs\u0142uga klienta CULUMNATURA Wilhelm Luger GmbH E-Werkgasse 13A-2115 Ernstbrunn Skontaktuj si\u0119 z nami Tel. +43 (0) 2576 20 89 &#8211; 38 +43 664 96 45 912 Faks +43 (0) 2576 20 89 &#8211; 25 polska@culumnatura.athttps:\/\/www.culumnatura.com\/pl\/ Zapraszamy do \u015bledzenia naszych kana\u0142\u00f3w: Facebook-f Instagram Youtube INFOLINIA AKADEMII CULUMNATURA Infolinia wy\u0142\u0105cznie dla fryzjerek i fryzjer\u00f3w NATURAlnych Tel. dla [&hellip;]\" \/>\n<meta property=\"og:url\" content=\"https:\/\/culum.jla-it.at\/pl\/culumnatura\/kontakt\/\" \/>\n<meta property=\"og:site_name\" content=\"CULUMNATURA\" \/>\n<meta property=\"article:modified_time\" content=\"2023-08-21T15:25:05+00:00\" \/>\n<meta property=\"og:image\" content=\"https:\/\/culum.jla-it.at\/www\/wp-content\/uploads\/2023\/08\/CN-Polen-Logo-2-295x300.png\" \/>\n<meta name=\"twitter:card\" content=\"summary_large_image\" \/>\n<meta name=\"twitter:label1\" content=\"Est. reading time\" \/>\n\t<meta name=\"twitter:data1\" content=\"1 minute\" \/>\n<script type=\"application\/ld+json\" class=\"yoast-schema-graph\">{\"@context\":\"https:\/\/schema.org\",\"@graph\":[{\"@type\":\"WebPage\",\"@id\":\"https:\/\/culum.jla-it.at\/pl\/culumnatura\/kontakt\/\",\"url\":\"https:\/\/culum.jla-it.at\/pl\/culumnatura\/kontakt\/\",\"name\":\"Kontakt | CULUMNATURA\",\"isPartOf\":{\"@id\":\"https:\/\/culum.jla-it.at\/pl\/#website\"},\"primaryImageOfPage\":{\"@id\":\"https:\/\/culum.jla-it.at\/pl\/culumnatura\/kontakt\/#primaryimage\"},\"image\":{\"@id\":\"https:\/\/culum.jla-it.at\/pl\/culumnatura\/kontakt\/#primaryimage\"},\"thumbnailUrl\":\"https:\/\/culum.jla-it.at\/www\/wp-content\/uploads\/2023\/08\/Logo_Farbe-web.jpg\",\"datePublished\":\"2023-01-17T19:30:27+00:00\",\"dateModified\":\"2023-08-21T15:25:05+00:00\",\"breadcrumb\":{\"@id\":\"https:\/\/culum.jla-it.at\/pl\/culumnatura\/kontakt\/#breadcrumb\"},\"inLanguage\":\"pl-PL\",\"potentialAction\":[{\"@type\":\"ReadAction\",\"target\":[\"https:\/\/culum.jla-it.at\/pl\/culumnatura\/kontakt\/\"]}]},{\"@type\":\"ImageObject\",\"inLanguage\":\"pl-PL\",\"@id\":\"https:\/\/culum.jla-it.at\/pl\/culumnatura\/kontakt\/#primaryimage\",\"url\":\"https:\/\/culum.jla-it.at\/www\/wp-content\/uploads\/2023\/08\/Logo_Farbe-web.jpg\",\"contentUrl\":\"https:\/\/culum.jla-it.at\/www\/wp-content\/uploads\/2023\/08\/Logo_Farbe-web.jpg\",\"width\":330,\"height\":336},{\"@type\":\"BreadcrumbList\",\"@id\":\"https:\/\/culum.jla-it.at\/pl\/culumnatura\/kontakt\/#breadcrumb\",\"itemListElement\":[{\"@type\":\"ListItem\",\"position\":1,\"name\":\"CULUMNATURA\",\"item\":\"https:\/\/culum.jla-it.at\/pl\/\"},{\"@type\":\"ListItem\",\"position\":2,\"name\":\"Kontakt\"}]},{\"@type\":\"WebSite\",\"@id\":\"https:\/\/culum.jla-it.at\/pl\/#website\",\"url\":\"https:\/\/culum.jla-it.at\/pl\/\",\"name\":\"CULUMNATURA\",\"description\":\"\",\"publisher\":{\"@id\":\"https:\/\/culum.jla-it.at\/pl\/#organization\"},\"potentialAction\":[{\"@type\":\"SearchAction\",\"target\":{\"@type\":\"EntryPoint\",\"urlTemplate\":\"https:\/\/culum.jla-it.at\/pl\/?s={search_term_string}\"},\"query-input\":\"required name=search_term_string\"}],\"inLanguage\":\"pl-PL\"},{\"@type\":\"Organization\",\"@id\":\"https:\/\/culum.jla-it.at\/pl\/#organization\",\"name\":\"CULUMNATURA\",\"url\":\"https:\/\/culum.jla-it.at\/pl\/\",\"logo\":{\"@type\":\"ImageObject\",\"inLanguage\":\"pl-PL\",\"@id\":\"https:\/\/culum.jla-it.at\/pl\/#\/schema\/logo\/image\/\",\"url\":\"\",\"contentUrl\":\"\",\"caption\":\"CULUMNATURA\"},\"image\":{\"@id\":\"https:\/\/culum.jla-it.at\/pl\/#\/schema\/logo\/image\/\"}}]}<\/script>\n<!-- \/ Yoast SEO plugin. -->","yoast_head_json":{"title":"Kontakt | CULUMNATURA","robots":{"index":"noindex","follow":"follow","max-snippet":"max-snippet:-1","max-image-preview":"max-image-preview:large","max-video-preview":"max-video-preview:-1"},"og_locale":"pl_PL","og_type":"article","og_title":"Kontakt | CULUMNATURA","og_description":"Obs\u0142uga klienta CULUMNATURA Wilhelm Luger GmbH E-Werkgasse 13A-2115 Ernstbrunn Skontaktuj si\u0119 z nami Tel. +43 (0) 2576 20 89 &#8211; 38 +43 664 96 45 912 Faks +43 (0) 2576 20 89 &#8211; 25 polska@culumnatura.athttps:\/\/www.culumnatura.com\/pl\/ Zapraszamy do \u015bledzenia naszych kana\u0142\u00f3w: Facebook-f Instagram Youtube INFOLINIA AKADEMII CULUMNATURA Infolinia wy\u0142\u0105cznie dla fryzjerek i fryzjer\u00f3w NATURAlnych Tel. dla [&hellip;]","og_url":"https:\/\/culum.jla-it.at\/pl\/culumnatura\/kontakt\/","og_site_name":"CULUMNATURA","article_modified_time":"2023-08-21T15:25:05+00:00","og_image":[{"url":"https:\/\/culum.jla-it.at\/www\/wp-content\/uploads\/2023\/08\/CN-Polen-Logo-2-295x300.png"}],"twitter_card":"summary_large_image","twitter_misc":{"Est. reading time":"1 minute"},"schema":{"@context":"https:\/\/schema.org","@graph":[{"@type":"WebPage","@id":"https:\/\/culum.jla-it.at\/pl\/culumnatura\/kontakt\/","url":"https:\/\/culum.jla-it.at\/pl\/culumnatura\/kontakt\/","name":"Kontakt | CULUMNATURA","isPartOf":{"@id":"https:\/\/culum.jla-it.at\/pl\/#website"},"primaryImageOfPage":{"@id":"https:\/\/culum.jla-it.at\/pl\/culumnatura\/kontakt\/#primaryimage"},"image":{"@id":"https:\/\/culum.jla-it.at\/pl\/culumnatura\/kontakt\/#primaryimage"},"thumbnailUrl":"https:\/\/culum.jla-it.at\/www\/wp-content\/uploads\/2023\/08\/Logo_Farbe-web.jpg","datePublished":"2023-01-17T19:30:27+00:00","dateModified":"2023-08-21T15:25:05+00:00","breadcrumb":{"@id":"https:\/\/culum.jla-it.at\/pl\/culumnatura\/kontakt\/#breadcrumb"},"inLanguage":"pl-PL","potentialAction":[{"@type":"ReadAction","target":["https:\/\/culum.jla-it.at\/pl\/culumnatura\/kontakt\/"]}]},{"@type":"ImageObject","inLanguage":"pl-PL","@id":"https:\/\/culum.jla-it.at\/pl\/culumnatura\/kontakt\/#primaryimage","url":"https:\/\/culum.jla-it.at\/www\/wp-content\/uploads\/2023\/08\/Logo_Farbe-web.jpg","contentUrl":"https:\/\/culum.jla-it.at\/www\/wp-content\/uploads\/2023\/08\/Logo_Farbe-web.jpg","width":330,"height":336},{"@type":"BreadcrumbList","@id":"https:\/\/culum.jla-it.at\/pl\/culumnatura\/kontakt\/#breadcrumb","itemListElement":[{"@type":"ListItem","position":1,"name":"CULUMNATURA","item":"https:\/\/culum.jla-it.at\/pl\/"},{"@type":"ListItem","position":2,"name":"Kontakt"}]},{"@type":"WebSite","@id":"https:\/\/culum.jla-it.at\/pl\/#website","url":"https:\/\/culum.jla-it.at\/pl\/","name":"CULUMNATURA","description":"","publisher":{"@id":"https:\/\/culum.jla-it.at\/pl\/#organization"},"potentialAction":[{"@type":"SearchAction","target":{"@type":"EntryPoint","urlTemplate":"https:\/\/culum.jla-it.at\/pl\/?s={search_term_string}"},"query-input":"required name=search_term_string"}],"inLanguage":"pl-PL"},{"@type":"Organization","@id":"https:\/\/culum.jla-it.at\/pl\/#organization","name":"CULUMNATURA","url":"https:\/\/culum.jla-it.at\/pl\/","logo":{"@type":"ImageObject","inLanguage":"pl-PL","@id":"https:\/\/culum.jla-it.at\/pl\/#\/schema\/logo\/image\/","url":"","contentUrl":"","caption":"CULUMNATURA"},"image":{"@id":"https:\/\/culum.jla-it.at\/pl\/#\/schema\/logo\/image\/"}}]}},"_links":{"self":[{"href":"https:\/\/culum.jla-it.at\/pl\/wp-json\/wp\/v2\/pages\/5202","targetHints":{"allow":["GET"]}}],"collection":[{"href":"https:\/\/culum.jla-it.at\/pl\/wp-json\/wp\/v2\/pages"}],"about":[{"href":"https:\/\/culum.jla-it.at\/pl\/wp-json\/wp\/v2\/types\/page"}],"author":[{"embeddable":true,"href":"https:\/\/culum.jla-it.at\/pl\/wp-json\/wp\/v2\/users\/1"}],"replies":[{"embeddable":true,"href":"https:\/\/culum.jla-it.at\/pl\/wp-json\/wp\/v2\/comments?post=5202"}],"version-history":[{"count":31,"href":"https:\/\/culum.jla-it.at\/pl\/wp-json\/wp\/v2\/pages\/5202\/revisions"}],"predecessor-version":[{"id":6641,"href":"https:\/\/culum.jla-it.at\/pl\/wp-json\/wp\/v2\/pages\/5202\/revisions\/6641"}],"up":[{"embeddable":true,"href":"https:\/\/culum.jla-it.at\/pl\/wp-json\/wp\/v2\/pages\/5199"}],"wp:featuredmedia":[{"embeddable":true,"href":"https:\/\/culum.jla-it.at\/pl\/wp-json\/wp\/v2\/media\/6528"}],"wp:attachment":[{"href":"https:\/\/culum.jla-it.at\/pl\/wp-json\/wp\/v2\/media?parent=5202"}],"curies":[{"name":"wp","href":"https:\/\/api.w.org\/{rel}","templated":true}]}}