{"id":5187,"date":"2023-05-04T12:53:47","date_gmt":"2023-05-04T10:53:47","guid":{"rendered":"https:\/\/culum.jla-it.at\/nadruk\/"},"modified":"2023-10-21T12:22:04","modified_gmt":"2023-10-21T10:22:04","slug":"nadruk","status":"publish","type":"page","link":"https:\/\/culum.jla-it.at\/pl\/nadruk\/","title":{"rendered":"Impressum"},"content":{"rendered":"\t\t<div data-elementor-type=\"wp-page\" data-elementor-id=\"5187\" class=\"elementor elementor-5187 elementor-4366\" data-elementor-post-type=\"page\">\n\t\t\t\t\t\t<section class=\"elementor-section elementor-top-section elementor-element elementor-element-69b0c2e elementor-section-boxed elementor-section-height-default elementor-section-height-default\" data-id=\"69b0c2e\" data-element_type=\"section\">\n\t\t\t\t\t\t<div class=\"elementor-container elementor-column-gap-default\">\n\t\t\t\t\t<div class=\"elementor-column elementor-col-100 elementor-top-column elementor-element elementor-element-71a90aa\" data-id=\"71a90aa\" data-element_type=\"column\">\n\t\t\t<div class=\"elementor-widget-wrap elementor-element-populated\">\n\t\t\t\t\t\t<div class=\"elementor-element elementor-element-966cafe elementor-widget elementor-widget-text-editor\" data-id=\"966cafe\" data-element_type=\"widget\" data-widget_type=\"text-editor.default\">\n\t\t\t\t<div class=\"elementor-widget-container\">\n\t\t\t\t\t\t\t<h1 class=\"adsimple-122609664 fusion-responsive-typography-calculated\" data-fontsize=\"32\" data-lineheight=\"38.4px\">Legal Notice<\/h1>\n<p class=\"adsimple-122609664\">Information in accordance with the duty to inform pursuant to \u00a75 of the E-Commerce Act, \u00a714 of the Austrian Commercial Code, \u00a763 of the Industrial Code and the duty to disclose pursuant to \u00a725 of the Media Act.<\/p>\n<p class=\"adsimple-122609664\">CULUMNATURA \/ Wilhelm Luger GmbH<br \/>\nE-Werkgasse 13,<br \/>\n2115 Ernstbrunn,<br \/>\n\u00d6sterreich<\/p>\n<p class=\"adsimple-122609664\"><strong>Object of the company:<\/strong>\u00a0Erzeugung von kosmetischen Artikeln, eingeschr\u00e4nkt auf die Erzeugung von Naturkosmetik; Handelsgewerbe gem\u00e4\u00df \u00a7 126 Z.14 GewO 1973 i.d.F.d.Nov. 1992; Hilfestellung einer k\u00f6rperlichen bzw. energetischen Ausgewogenheit mittels der Methode von Dr. Bach, Biofeedback oder Bioresonanz, mittels Auswahl von Farben, D\u00fcften, Lichtquellen, Aromastoffen, Edelsteinen und Musik, unter Anwendung kinesiologischer Methoden und mittels Interpretation der Aura; Gastgewerbe gem\u00e4\u00df \u00a7 111 Abs.1 Z. 1 u. 2 GewO 1994 \u2013 Fr\u00fchst\u00fcckspension;<br \/>\n<strong>VAT-Number:<\/strong>\u00a0ATU62650134<br \/>\n<strong>GLN:<\/strong>\u00a09110016962702<br \/>\n<strong>GISA:<\/strong>\u00a013015343, 13042899, 13042912, 13019914<br \/>\n<strong>Corporate register number:<\/strong>\u00a0FN 279319p<br \/>\n<strong>Corporate register court:<\/strong>\u00a0Korneuburg<br \/>\n<strong>Company location:<\/strong>\u00a02115 Ernstbrunn<\/p>\n<p class=\"adsimple-122609664\"><strong>Phone:<\/strong>\u00a0+43 2576 20 89<br \/>\n<strong>Fax:<\/strong>\u00a0+43 2576 20 89-25<br \/>\n<strong>Email:<\/strong>\u00a0<a href=\"mailto:info@culumnatura.at\">info@culumnatura.at<\/a><\/p>\n<p class=\"adsimple-122609664\"><strong>Member of:<\/strong>\u00a0WKO, Gemeinwohl-\u00d6konomie, \u00d6konomie der Menschlichkeit<br \/>\n<strong>Laws re. professions:<\/strong>\u00a0Gewerbeordnung: www.ris.bka.gv.at<\/p>\n<p class=\"adsimple-122609664\"><strong>Supervisory\/Trade authority:<\/strong>\u00a0Bezirkshauptmannschaft Korneuburg<br \/>\n<strong>Job title:<\/strong>\u00a0Produktions- und Handelsbetrieb, Erwachsenenbildung, \u00dcbern\u00e4chtigungsbetrieb<br \/>\n<strong>Awarding country:<\/strong>\u00a0\u00d6sterreich<\/p>\n<p class=\"adsimple-122609664\"><strong>Chief executive<\/strong><br \/>\nMag. Helene Zugcic, Mag. (FH) Michaela Bauer<\/p>\n<p class=\"adsimple-122609664\"><strong>Ownership structure<\/strong><br \/>\nLuger Privatstiftung: 100 %<\/p>\n<p class=\"adsimple-122609664\"><strong>Editorial policy<\/strong><br \/>\nInformation \u00fcber Produkte, Inhaltsstoffe, Ausbildung, Dienstleistungen und Werte des Unternehmens<\/p>\n<p class=\"adsimple-122609664\"><strong>Contact details of the data protection controller<\/strong><br \/>\nIf you have any question about data protection, please find the contact details of the body or person responsible for data protection below:<br \/>\nWilhelm Luger GmbH<br \/>\nE-Werkgasse 13, 2115 Ernstbrunn, \u00d6sterreich<\/p>\n<p>Authorised to represent: Mag. Helene Zugcic, Mag. (FH) Michaela Bauer<br \/>\nE-Mail:\u00a0<a href=\"mailto:info@culumnatura.at\">info@culumnatura.at<\/a><br \/>\nPhone: +43 2576 20 89<br \/>\nCompany details:\u00a0<a href=\"https:\/\/www.culumnatura.com\/impressum\/\" target=\"_self\">https:\/\/www.culumnatura.com\/impressum\/<\/a><\/p>\n<h2 id=\"eu-streitschlichtung-en\" class=\"adsimple-122609664 fusion-responsive-typography-calculated\" data-fontsize=\"24\" data-lineheight=\"36px\">EU Dispute Resolution<\/h2>\n<p>We would like to inform you about the Online Dispute Resolution platform (ODR platform) in accordance with the regulation on Online Dispute Resolution in consumer matters (ODR Regulation).<br \/>\nConsumers have the option of submitting complaints to the European Commission\u2019s Online Dispute Resolution platform at\u00a0<a class=\"adsimple-122609664\" href=\"https:\/\/ec.europa.eu\/consumers\/odr\/main\/?event=main.home2.show\" target=\"_blank\" rel=\"follow noopener\">https:\/\/ec.europa.eu\/consumers\/odr\/main\/?event=main.home2.show<\/a>. You will find the necessary contact details in our imprint above.<\/p>\n<p>However, we would like to note, that we are not willing or obliged to participate in dispute settlement procedures before a consumer arbitration board.<\/p>\n<h2 id=\"haftung-fuer-inhalte-dieser-webseite-en\" class=\"adsimple-122609664 fusion-responsive-typography-calculated\" data-fontsize=\"24\" data-lineheight=\"36px\">Liability for the Contents of this Website<\/h2>\n<p>We are constantly developing the content of this website and strive to provide correct and up-to-date information. Unfortunately, we cannot accept liability for the accuracy of any content on this website. This especially includes content provided by third parties. As a service provider, we are neither obliged to monitor any information you transmit or store, nor to investigate any circumstances that indicate illegal activity.<\/p>\n<p>Due to court- or official orders under the general law, our obligations to remove information or to block the use of information remain unaffected, even if we are not responsible.<\/p>\n<p>If you notice any problematic or illegal content, please contact us immediately so we can remove the illegal content. You will find our contact details in the imprint.<\/p>\n<h2 id=\"haftung-links-webseite-en\" class=\"adsimple-122609664 fusion-responsive-typography-calculated\" data-fontsize=\"24\" data-lineheight=\"36px\">Liability for Links on this Website<\/h2>\n<p>Our website contains links to other websites for which we are not responsible. We are not liable for any linked websites, since we have had no knowledge of illegal activities. If we ever become aware of any illegal activity, we will remove any links in question immediately.<\/p>\n<p>If you notice illegal links on our website, please contact us. You will find our contact details in the imprint.<\/p>\n<h2 id=\"urheberrechtshinweis-en\" class=\"adsimple-122609664 fusion-responsive-typography-calculated\" data-fontsize=\"24\" data-lineheight=\"36px\">Copyright Notice<\/h2>\n<p>All contents of this website (pictures, images, photos, texts, videos) are subject to copyright. Please ask us before distributing, reproducing or using the contents of this website \u2013 such as republishing them on other websites. If necessary, we will prosecute the unauthorised use of our website\u2019s content.<\/p>\n<p>If you find content on this website that violates copyright, please contact us.<\/p>\n<h2 id=\"bildernachweis-en\" class=\"adsimple-122609664 fusion-responsive-typography-calculated\" data-fontsize=\"24\" data-lineheight=\"36px\">Picture Credits<\/h2>\n<p>The pictures, images and graphics on this website are protected by copyright.<\/p>\n<p>&nbsp;<\/p>\n<p>The image rights are with:<\/p>\n<p>Fotografin Rita Newman<\/p>\n<p>&nbsp;<\/p>\n<p>All texts are copyrighted.<\/p>\n\t\t\t\t\t\t<\/div>\n\t\t\t\t<\/div>\n\t\t\t\t\t<\/div>\n\t\t<\/div>\n\t\t\t\t\t<\/div>\n\t\t<\/section>\n\t\t\t\t<\/div>\n\t\t","protected":false},"excerpt":{"rendered":"<p>Legal Notice Information in accordance with the duty to inform pursuant to \u00a75 of the E-Commerce Act, \u00a714 of the Austrian Commercial Code, \u00a763 of the Industrial Code and the duty to disclose pursuant to \u00a725 of the Media Act. CULUMNATURA \/ Wilhelm Luger GmbH E-Werkgasse 13, 2115 Ernstbrunn, \u00d6sterreich Object of the company:\u00a0Erzeugung von [&hellip;]<\/p>\n","protected":false},"author":1,"featured_media":0,"parent":0,"menu_order":0,"comment_status":"closed","ping_status":"closed","template":"elementor_header_footer","meta":{"_acf_changed":false,"footnotes":""},"class_list":["post-5187","page","type-page","status-publish","hentry"],"acf":[],"yoast_head":"<!-- This site is optimized with the Yoast SEO plugin v22.8 - https:\/\/yoast.com\/wordpress\/plugins\/seo\/ -->\n<title>Impressum | CULUMNATURA<\/title>\n<meta name=\"robots\" content=\"noindex, follow\" \/>\n<meta property=\"og:locale\" content=\"pl_PL\" \/>\n<meta property=\"og:type\" content=\"article\" \/>\n<meta property=\"og:title\" content=\"Impressum | CULUMNATURA\" \/>\n<meta property=\"og:description\" content=\"Legal Notice Information in accordance with the duty to inform pursuant to \u00a75 of the E-Commerce Act, \u00a714 of the Austrian Commercial Code, \u00a763 of the Industrial Code and the duty to disclose pursuant to \u00a725 of the Media Act. CULUMNATURA \/ Wilhelm Luger GmbH E-Werkgasse 13, 2115 Ernstbrunn, \u00d6sterreich Object of the company:\u00a0Erzeugung von [&hellip;]\" \/>\n<meta property=\"og:url\" content=\"https:\/\/culum.jla-it.at\/pl\/nadruk\/\" \/>\n<meta property=\"og:site_name\" content=\"CULUMNATURA\" \/>\n<meta property=\"article:modified_time\" content=\"2023-10-21T10:22:04+00:00\" \/>\n<meta name=\"twitter:card\" content=\"summary_large_image\" \/>\n<meta name=\"twitter:label1\" content=\"Est. reading time\" \/>\n\t<meta name=\"twitter:data1\" content=\"3 minutes\" \/>\n<script type=\"application\/ld+json\" class=\"yoast-schema-graph\">{\"@context\":\"https:\/\/schema.org\",\"@graph\":[{\"@type\":\"WebPage\",\"@id\":\"https:\/\/culum.jla-it.at\/pl\/nadruk\/\",\"url\":\"https:\/\/culum.jla-it.at\/pl\/nadruk\/\",\"name\":\"Impressum | CULUMNATURA\",\"isPartOf\":{\"@id\":\"https:\/\/culum.jla-it.at\/pl\/#website\"},\"datePublished\":\"2023-05-04T10:53:47+00:00\",\"dateModified\":\"2023-10-21T10:22:04+00:00\",\"breadcrumb\":{\"@id\":\"https:\/\/culum.jla-it.at\/pl\/nadruk\/#breadcrumb\"},\"inLanguage\":\"pl-PL\",\"potentialAction\":[{\"@type\":\"ReadAction\",\"target\":[\"https:\/\/culum.jla-it.at\/pl\/nadruk\/\"]}]},{\"@type\":\"BreadcrumbList\",\"@id\":\"https:\/\/culum.jla-it.at\/pl\/nadruk\/#breadcrumb\",\"itemListElement\":[{\"@type\":\"ListItem\",\"position\":1,\"name\":\"CULUMNATURA\",\"item\":\"https:\/\/culum.jla-it.at\/pl\/\"},{\"@type\":\"ListItem\",\"position\":2,\"name\":\"Impressum\"}]},{\"@type\":\"WebSite\",\"@id\":\"https:\/\/culum.jla-it.at\/pl\/#website\",\"url\":\"https:\/\/culum.jla-it.at\/pl\/\",\"name\":\"CULUMNATURA\",\"description\":\"\",\"publisher\":{\"@id\":\"https:\/\/culum.jla-it.at\/pl\/#organization\"},\"potentialAction\":[{\"@type\":\"SearchAction\",\"target\":{\"@type\":\"EntryPoint\",\"urlTemplate\":\"https:\/\/culum.jla-it.at\/pl\/?s={search_term_string}\"},\"query-input\":\"required name=search_term_string\"}],\"inLanguage\":\"pl-PL\"},{\"@type\":\"Organization\",\"@id\":\"https:\/\/culum.jla-it.at\/pl\/#organization\",\"name\":\"CULUMNATURA\",\"url\":\"https:\/\/culum.jla-it.at\/pl\/\",\"logo\":{\"@type\":\"ImageObject\",\"inLanguage\":\"pl-PL\",\"@id\":\"https:\/\/culum.jla-it.at\/pl\/#\/schema\/logo\/image\/\",\"url\":\"\",\"contentUrl\":\"\",\"caption\":\"CULUMNATURA\"},\"image\":{\"@id\":\"https:\/\/culum.jla-it.at\/pl\/#\/schema\/logo\/image\/\"}}]}<\/script>\n<!-- \/ Yoast SEO plugin. -->","yoast_head_json":{"title":"Impressum | CULUMNATURA","robots":{"index":"noindex","follow":"follow"},"og_locale":"pl_PL","og_type":"article","og_title":"Impressum | CULUMNATURA","og_description":"Legal Notice Information in accordance with the duty to inform pursuant to \u00a75 of the E-Commerce Act, \u00a714 of the Austrian Commercial Code, \u00a763 of the Industrial Code and the duty to disclose pursuant to \u00a725 of the Media Act. CULUMNATURA \/ Wilhelm Luger GmbH E-Werkgasse 13, 2115 Ernstbrunn, \u00d6sterreich Object of the company:\u00a0Erzeugung von [&hellip;]","og_url":"https:\/\/culum.jla-it.at\/pl\/nadruk\/","og_site_name":"CULUMNATURA","article_modified_time":"2023-10-21T10:22:04+00:00","twitter_card":"summary_large_image","twitter_misc":{"Est. reading time":"3 minutes"},"schema":{"@context":"https:\/\/schema.org","@graph":[{"@type":"WebPage","@id":"https:\/\/culum.jla-it.at\/pl\/nadruk\/","url":"https:\/\/culum.jla-it.at\/pl\/nadruk\/","name":"Impressum | CULUMNATURA","isPartOf":{"@id":"https:\/\/culum.jla-it.at\/pl\/#website"},"datePublished":"2023-05-04T10:53:47+00:00","dateModified":"2023-10-21T10:22:04+00:00","breadcrumb":{"@id":"https:\/\/culum.jla-it.at\/pl\/nadruk\/#breadcrumb"},"inLanguage":"pl-PL","potentialAction":[{"@type":"ReadAction","target":["https:\/\/culum.jla-it.at\/pl\/nadruk\/"]}]},{"@type":"BreadcrumbList","@id":"https:\/\/culum.jla-it.at\/pl\/nadruk\/#breadcrumb","itemListElement":[{"@type":"ListItem","position":1,"name":"CULUMNATURA","item":"https:\/\/culum.jla-it.at\/pl\/"},{"@type":"ListItem","position":2,"name":"Impressum"}]},{"@type":"WebSite","@id":"https:\/\/culum.jla-it.at\/pl\/#website","url":"https:\/\/culum.jla-it.at\/pl\/","name":"CULUMNATURA","description":"","publisher":{"@id":"https:\/\/culum.jla-it.at\/pl\/#organization"},"potentialAction":[{"@type":"SearchAction","target":{"@type":"EntryPoint","urlTemplate":"https:\/\/culum.jla-it.at\/pl\/?s={search_term_string}"},"query-input":"required name=search_term_string"}],"inLanguage":"pl-PL"},{"@type":"Organization","@id":"https:\/\/culum.jla-it.at\/pl\/#organization","name":"CULUMNATURA","url":"https:\/\/culum.jla-it.at\/pl\/","logo":{"@type":"ImageObject","inLanguage":"pl-PL","@id":"https:\/\/culum.jla-it.at\/pl\/#\/schema\/logo\/image\/","url":"","contentUrl":"","caption":"CULUMNATURA"},"image":{"@id":"https:\/\/culum.jla-it.at\/pl\/#\/schema\/logo\/image\/"}}]}},"_links":{"self":[{"href":"https:\/\/culum.jla-it.at\/pl\/wp-json\/wp\/v2\/pages\/5187","targetHints":{"allow":["GET"]}}],"collection":[{"href":"https:\/\/culum.jla-it.at\/pl\/wp-json\/wp\/v2\/pages"}],"about":[{"href":"https:\/\/culum.jla-it.at\/pl\/wp-json\/wp\/v2\/types\/page"}],"author":[{"embeddable":true,"href":"https:\/\/culum.jla-it.at\/pl\/wp-json\/wp\/v2\/users\/1"}],"replies":[{"embeddable":true,"href":"https:\/\/culum.jla-it.at\/pl\/wp-json\/wp\/v2\/comments?post=5187"}],"version-history":[{"count":2,"href":"https:\/\/culum.jla-it.at\/pl\/wp-json\/wp\/v2\/pages\/5187\/revisions"}],"predecessor-version":[{"id":8118,"href":"https:\/\/culum.jla-it.at\/pl\/wp-json\/wp\/v2\/pages\/5187\/revisions\/8118"}],"wp:attachment":[{"href":"https:\/\/culum.jla-it.at\/pl\/wp-json\/wp\/v2\/media?parent=5187"}],"curies":[{"name":"wp","href":"https:\/\/api.w.org\/{rel}","templated":true}]}}