{"id":5182,"date":"2022-12-28T17:16:35","date_gmt":"2022-12-28T16:16:35","guid":{"rendered":"https:\/\/culum.jla-it.at\/praca\/"},"modified":"2023-08-24T21:10:12","modified_gmt":"2023-08-24T19:10:12","slug":"praca","status":"publish","type":"page","link":"https:\/\/culum.jla-it.at\/pl\/culumnatura\/praca\/","title":{"rendered":"Praca"},"content":{"rendered":"\t\t<div data-elementor-type=\"wp-page\" data-elementor-id=\"5182\" class=\"elementor elementor-5182 elementor-1024\" data-elementor-post-type=\"page\">\n\t\t\t\t\t\t<section class=\"elementor-section elementor-top-section elementor-element elementor-element-5e357340 elementor-section-boxed elementor-section-height-default elementor-section-height-default\" data-id=\"5e357340\" data-element_type=\"section\">\n\t\t\t\t\t\t<div class=\"elementor-container elementor-column-gap-default\">\n\t\t\t\t\t<div class=\"elementor-column elementor-col-100 elementor-top-column elementor-element elementor-element-f55decb\" data-id=\"f55decb\" data-element_type=\"column\">\n\t\t\t<div class=\"elementor-widget-wrap elementor-element-populated\">\n\t\t\t\t\t\t<div class=\"elementor-element elementor-element-3227c17a elementor-align-center elementor-widget elementor-widget-breadcrumbs\" data-id=\"3227c17a\" data-element_type=\"widget\" data-widget_type=\"breadcrumbs.default\">\n\t\t\t\t<div class=\"elementor-widget-container\">\n\t\t\t<p id=\"breadcrumbs\"><span><span><a href=\"https:\/\/culum.jla-it.at\/pl\/\">CULUMNATURA<\/a><\/span><\/span><\/p>\t\t<\/div>\n\t\t\t\t<\/div>\n\t\t\t\t\t<\/div>\n\t\t<\/div>\n\t\t\t\t\t<\/div>\n\t\t<\/section>\n\t\t\t\t<section class=\"elementor-section elementor-top-section elementor-element elementor-element-63935567 elementor-section-height-min-height elementor-section-boxed elementor-section-height-default elementor-section-items-middle\" data-id=\"63935567\" data-element_type=\"section\">\n\t\t\t\t\t\t<div class=\"elementor-container elementor-column-gap-wide\">\n\t\t\t\t\t<div data-dce-background-overlay-color=\"#FFFFFF\" data-dce-background-image-url=\"https:\/\/culum.jla-it.at\/www\/wp-content\/uploads\/2023\/01\/Illustrationen-Tapete.png\" class=\"elementor-column elementor-col-33 elementor-top-column elementor-element elementor-element-669937da\" data-id=\"669937da\" data-element_type=\"column\" data-settings=\"{&quot;background_background&quot;:&quot;classic&quot;}\">\n\t\t\t<div class=\"elementor-widget-wrap elementor-element-populated\">\n\t\t\t\t\t<div class=\"elementor-background-overlay\"><\/div>\n\t\t\t\t\t\t<div class=\"elementor-element elementor-element-83ddb8e elementor-widget elementor-widget-text-editor\" data-id=\"83ddb8e\" data-element_type=\"widget\" data-widget_type=\"text-editor.default\">\n\t\t\t\t<div class=\"elementor-widget-container\">\n\t\t\t\t\t\t\t<p><em>&#8220;\u0141\u0105czymy pi\u0119kno z naturalno\u015bci\u0105 &#8211; chroni\u0105c wszystkie \u017cywe stworzenia i Matk\u0119 Ziemi\u0119&#8221; to motto naszej firmy. Je\u015bli r\u00f3wnie\u017c uto\u017csamiasz si\u0119 z tymi warto\u015bciami, a \u017cycie w harmonii z NATUR\u0104 jest dla Ciebie wa\u017cne, czekamy na Twoj\u0105 aplikacj\u0119.<\/em><\/p>\n\t\t\t\t\t\t<\/div>\n\t\t\t\t<\/div>\n\t\t\t\t\t<\/div>\n\t\t<\/div>\n\t\t\t\t<div class=\"elementor-column elementor-col-66 elementor-top-column elementor-element elementor-element-796a7841\" data-id=\"796a7841\" data-element_type=\"column\">\n\t\t\t<div class=\"elementor-widget-wrap elementor-element-populated\">\n\t\t\t\t\t\t<div class=\"elementor-element elementor-element-68aae099 elementor-widget elementor-widget-heading\" data-id=\"68aae099\" data-element_type=\"widget\" data-widget_type=\"heading.default\">\n\t\t\t\t<div class=\"elementor-widget-container\">\n\t\t\t<h2 class=\"elementor-heading-title elementor-size-default\">Ro\u015bnij naturalnie - z CULUMNATURA<\/h2>\t\t<\/div>\n\t\t\t\t<\/div>\n\t\t\t\t<div class=\"elementor-element elementor-element-593c5d2 elementor-widget elementor-widget-heading\" data-id=\"593c5d2\" data-element_type=\"widget\" data-widget_type=\"heading.default\">\n\t\t\t\t<div class=\"elementor-widget-container\">\n\t\t\t<h3 class=\"elementor-heading-title elementor-size-default\">Aplikuj teraz!<\/h3>\t\t<\/div>\n\t\t\t\t<\/div>\n\t\t\t\t<div class=\"elementor-element elementor-element-450a0775 elementor-widget elementor-widget-text-editor\" data-id=\"450a0775\" data-element_type=\"widget\" data-widget_type=\"text-editor.default\">\n\t\t\t\t<div class=\"elementor-widget-container\">\n\t\t\t\t\t\t\t<p>Opr\u00f3cz zr\u00f3\u017cnicowanego zakresu zada\u0144 w rozwijaj\u0105cej si\u0119 bran\u017cy i miejsca pracy blisko natury w pi\u0119knych g\u00f3rach Leiser, CULUMNATURA oferuje rodzinne \u015brodowisko pracy, p\u0142ask\u0105 hierarchi\u0119 i socjokratyczn\u0105 kultur\u0119 korporacyjn\u0105. Jako firma zorientowana na wsp\u00f3lne dobro, uczciwe i pe\u0142ne szacunku interakcje s\u0105 dla CULUMNATURA oczywisto\u015bci\u0105.<\/p>\n\t\t\t\t\t\t<\/div>\n\t\t\t\t<\/div>\n\t\t\t\t\t<\/div>\n\t\t<\/div>\n\t\t\t\t\t<\/div>\n\t\t<\/section>\n\t\t\t\t<section class=\"elementor-section elementor-top-section elementor-element elementor-element-c2e41dd elementor-section-boxed elementor-section-height-default elementor-section-height-default\" data-id=\"c2e41dd\" data-element_type=\"section\">\n\t\t\t\t\t\t<div class=\"elementor-container elementor-column-gap-default\">\n\t\t\t\t\t<div class=\"elementor-column elementor-col-50 elementor-top-column elementor-element elementor-element-1e63851\" data-id=\"1e63851\" data-element_type=\"column\">\n\t\t\t<div class=\"elementor-widget-wrap elementor-element-populated\">\n\t\t\t\t\t\t<div class=\"elementor-element elementor-element-7209c86 dce_masking-none elementor-widget elementor-widget-image\" data-id=\"7209c86\" data-element_type=\"widget\" data-widget_type=\"image.default\">\n\t\t\t\t<div class=\"elementor-widget-container\">\n\t\t\t\t\t\t\t\t\t\t\t\t\t<img decoding=\"async\" width=\"200\" height=\"188\" src=\"https:\/\/culum.jla-it.at\/www\/wp-content\/uploads\/2022\/12\/Foto_Melanie_N_-ade4e556.jpg\" class=\"attachment-large size-large wp-image-4571\" alt=\"\" \/>\t\t\t\t\t\t\t\t\t\t\t\t\t<\/div>\n\t\t\t\t<\/div>\n\t\t\t\t<div class=\"elementor-element elementor-element-b98deff elementor-widget elementor-widget-text-editor\" data-id=\"b98deff\" data-element_type=\"widget\" data-widget_type=\"text-editor.default\">\n\t\t\t\t<div class=\"elementor-widget-container\">\n\t\t\t\t\t\t\t<p><strong>Dokumenty aplikacyjne<br \/>wysy\u0142asz do:<\/strong><\/p>\n<p>MELANIE DZIEWI\u0118\u0106 DIAB\u0141\u00d3W<\/p>\n\t\t\t\t\t\t<\/div>\n\t\t\t\t<\/div>\n\t\t\t\t<div class=\"elementor-element elementor-element-1db1d8a elementor-align-center elementor-widget elementor-widget-button\" data-id=\"1db1d8a\" data-element_type=\"widget\" data-widget_type=\"button.default\">\n\t\t\t\t<div class=\"elementor-widget-container\">\n\t\t\t\t\t<div class=\"elementor-button-wrapper\">\n\t\t\t<a class=\"elementor-button elementor-button-link elementor-size-sm\" href=\"mailto:johannes@einsigartig.at?subject=Bewerbung%20CULUM\">\n\t\t\t\t\t\t<span class=\"elementor-button-content-wrapper\">\n\t\t\t\t\t\t\t\t\t<span class=\"elementor-button-text\">bewerbung@culumnatura.at<\/span>\n\t\t\t\t\t<\/span>\n\t\t\t\t\t<\/a>\n\t\t<\/div>\n\t\t\t\t<\/div>\n\t\t\t\t<\/div>\n\t\t\t\t\t<\/div>\n\t\t<\/div>\n\t\t\t\t<div class=\"elementor-column elementor-col-25 elementor-top-column elementor-element elementor-element-badfe00\" data-id=\"badfe00\" data-element_type=\"column\">\n\t\t\t<div class=\"elementor-widget-wrap elementor-element-populated\">\n\t\t\t\t\t\t<div class=\"elementor-element elementor-element-7ab56e9 elementor-widget elementor-widget-heading\" data-id=\"7ab56e9\" data-element_type=\"widget\" data-widget_type=\"heading.default\">\n\t\t\t\t<div class=\"elementor-widget-container\">\n\t\t\t<h2 class=\"elementor-heading-title elementor-size-default\">Wakaty<\/h2>\t\t<\/div>\n\t\t\t\t<\/div>\n\t\t\t\t\t<\/div>\n\t\t<\/div>\n\t\t\t\t<div class=\"elementor-column elementor-col-25 elementor-top-column elementor-element elementor-element-d420cf6\" data-id=\"d420cf6\" data-element_type=\"column\">\n\t\t\t<div class=\"elementor-widget-wrap elementor-element-populated\">\n\t\t\t\t\t\t<div class=\"elementor-element elementor-element-8e6fb8f elementor-align-left elementor-icon-list--layout-traditional elementor-list-item-link-full_width elementor-widget elementor-widget-icon-list\" data-id=\"8e6fb8f\" data-element_type=\"widget\" data-widget_type=\"icon-list.default\">\n\t\t\t\t<div class=\"elementor-widget-container\">\n\t\t\t\t\t<ul class=\"elementor-icon-list-items\">\n\t\t\t\t\t\t\t<li class=\"elementor-icon-list-item\">\n\t\t\t\t\t\t\t\t\t\t\t<span class=\"elementor-icon-list-icon\">\n\t\t\t\t\t\t\t<i aria-hidden=\"true\" class=\"fas fa-angle-double-right\"><\/i>\t\t\t\t\t\t<\/span>\n\t\t\t\t\t\t\t\t\t\t<span class=\"elementor-icon-list-text\">Szko\u0142a wy\u017csza: rachunkowo\u015b\u0107<\/span>\n\t\t\t\t\t\t\t\t\t<\/li>\n\t\t\t\t\t\t<\/ul>\n\t\t\t\t<\/div>\n\t\t\t\t<\/div>\n\t\t\t\t\t<\/div>\n\t\t<\/div>\n\t\t\t\t\t<\/div>\n\t\t<\/section>\n\t\t\t\t<\/div>\n\t\t","protected":false},"excerpt":{"rendered":"<p>&#8220;\u0141\u0105czymy pi\u0119kno z naturalno\u015bci\u0105 &#8211; chroni\u0105c wszystkie \u017cywe stworzenia i Matk\u0119 Ziemi\u0119&#8221; to motto naszej firmy. Je\u015bli r\u00f3wnie\u017c uto\u017csamiasz si\u0119 z tymi warto\u015bciami, a \u017cycie w harmonii z NATUR\u0104 jest dla Ciebie wa\u017cne, czekamy na Twoj\u0105 aplikacj\u0119. Ro\u015bnij naturalnie &#8211; z CULUMNATURA Aplikuj teraz! Opr\u00f3cz zr\u00f3\u017cnicowanego zakresu zada\u0144 w rozwijaj\u0105cej si\u0119 bran\u017cy i miejsca pracy [&hellip;]<\/p>\n","protected":false},"author":1,"featured_media":5324,"parent":5199,"menu_order":0,"comment_status":"closed","ping_status":"closed","template":"elementor_header_footer","meta":{"_acf_changed":false,"footnotes":""},"class_list":["post-5182","page","type-page","status-publish","has-post-thumbnail","hentry"],"acf":[],"yoast_head":"<!-- This site is optimized with the Yoast SEO plugin v22.8 - https:\/\/yoast.com\/wordpress\/plugins\/seo\/ -->\n<title>Praca | CULUMNATURA<\/title>\n<meta name=\"robots\" content=\"noindex, follow, max-snippet:-1, max-image-preview:large, max-video-preview:-1\" \/>\n<meta property=\"og:locale\" content=\"pl_PL\" \/>\n<meta property=\"og:type\" content=\"article\" \/>\n<meta property=\"og:title\" content=\"Praca | CULUMNATURA\" \/>\n<meta property=\"og:description\" content=\"&#8220;\u0141\u0105czymy pi\u0119kno z naturalno\u015bci\u0105 &#8211; chroni\u0105c wszystkie \u017cywe stworzenia i Matk\u0119 Ziemi\u0119&#8221; to motto naszej firmy. Je\u015bli r\u00f3wnie\u017c uto\u017csamiasz si\u0119 z tymi warto\u015bciami, a \u017cycie w harmonii z NATUR\u0104 jest dla Ciebie wa\u017cne, czekamy na Twoj\u0105 aplikacj\u0119. Ro\u015bnij naturalnie &#8211; z CULUMNATURA Aplikuj teraz! Opr\u00f3cz zr\u00f3\u017cnicowanego zakresu zada\u0144 w rozwijaj\u0105cej si\u0119 bran\u017cy i miejsca pracy [&hellip;]\" \/>\n<meta property=\"og:url\" content=\"https:\/\/culum.jla-it.at\/pl\/culumnatura\/praca\/\" \/>\n<meta property=\"og:site_name\" content=\"CULUMNATURA\" \/>\n<meta property=\"article:modified_time\" content=\"2023-08-24T19:10:12+00:00\" \/>\n<meta property=\"og:image\" content=\"https:\/\/culum.jla-it.at\/www\/wp-content\/uploads\/2022\/12\/Foto_Melanie_N_-ade4e556.jpg\" \/>\n<meta name=\"twitter:card\" content=\"summary_large_image\" \/>\n<meta name=\"twitter:label1\" content=\"Est. reading time\" \/>\n\t<meta name=\"twitter:data1\" content=\"1 minute\" \/>\n<script type=\"application\/ld+json\" class=\"yoast-schema-graph\">{\"@context\":\"https:\/\/schema.org\",\"@graph\":[{\"@type\":\"WebPage\",\"@id\":\"https:\/\/culum.jla-it.at\/pl\/culumnatura\/praca\/\",\"url\":\"https:\/\/culum.jla-it.at\/pl\/culumnatura\/praca\/\",\"name\":\"Praca | CULUMNATURA\",\"isPartOf\":{\"@id\":\"https:\/\/culum.jla-it.at\/pl\/#website\"},\"primaryImageOfPage\":{\"@id\":\"https:\/\/culum.jla-it.at\/pl\/culumnatura\/praca\/#primaryimage\"},\"image\":{\"@id\":\"https:\/\/culum.jla-it.at\/pl\/culumnatura\/praca\/#primaryimage\"},\"thumbnailUrl\":\"https:\/\/culum.jla-it.at\/www\/wp-content\/uploads\/2023\/05\/Neue-Geschaeftsfuehrung_920x613.jpg\",\"datePublished\":\"2022-12-28T16:16:35+00:00\",\"dateModified\":\"2023-08-24T19:10:12+00:00\",\"breadcrumb\":{\"@id\":\"https:\/\/culum.jla-it.at\/pl\/culumnatura\/praca\/#breadcrumb\"},\"inLanguage\":\"pl-PL\",\"potentialAction\":[{\"@type\":\"ReadAction\",\"target\":[\"https:\/\/culum.jla-it.at\/pl\/culumnatura\/praca\/\"]}]},{\"@type\":\"ImageObject\",\"inLanguage\":\"pl-PL\",\"@id\":\"https:\/\/culum.jla-it.at\/pl\/culumnatura\/praca\/#primaryimage\",\"url\":\"https:\/\/culum.jla-it.at\/www\/wp-content\/uploads\/2023\/05\/Neue-Geschaeftsfuehrung_920x613.jpg\",\"contentUrl\":\"https:\/\/culum.jla-it.at\/www\/wp-content\/uploads\/2023\/05\/Neue-Geschaeftsfuehrung_920x613.jpg\",\"width\":920,\"height\":612},{\"@type\":\"BreadcrumbList\",\"@id\":\"https:\/\/culum.jla-it.at\/pl\/culumnatura\/praca\/#breadcrumb\",\"itemListElement\":[{\"@type\":\"ListItem\",\"position\":1,\"name\":\"CULUMNATURA\",\"item\":\"https:\/\/culum.jla-it.at\/pl\/\"},{\"@type\":\"ListItem\",\"position\":2,\"name\":\"CULUMNATURA\",\"item\":\"https:\/\/culum.jla-it.at\/pl\/naturkosmetik-hersteller-oesterreich\/\"},{\"@type\":\"ListItem\",\"position\":3,\"name\":\"Praca\"}]},{\"@type\":\"WebSite\",\"@id\":\"https:\/\/culum.jla-it.at\/pl\/#website\",\"url\":\"https:\/\/culum.jla-it.at\/pl\/\",\"name\":\"CULUMNATURA\",\"description\":\"\",\"publisher\":{\"@id\":\"https:\/\/culum.jla-it.at\/pl\/#organization\"},\"potentialAction\":[{\"@type\":\"SearchAction\",\"target\":{\"@type\":\"EntryPoint\",\"urlTemplate\":\"https:\/\/culum.jla-it.at\/pl\/?s={search_term_string}\"},\"query-input\":\"required name=search_term_string\"}],\"inLanguage\":\"pl-PL\"},{\"@type\":\"Organization\",\"@id\":\"https:\/\/culum.jla-it.at\/pl\/#organization\",\"name\":\"CULUMNATURA\",\"url\":\"https:\/\/culum.jla-it.at\/pl\/\",\"logo\":{\"@type\":\"ImageObject\",\"inLanguage\":\"pl-PL\",\"@id\":\"https:\/\/culum.jla-it.at\/pl\/#\/schema\/logo\/image\/\",\"url\":\"\",\"contentUrl\":\"\",\"caption\":\"CULUMNATURA\"},\"image\":{\"@id\":\"https:\/\/culum.jla-it.at\/pl\/#\/schema\/logo\/image\/\"}}]}<\/script>\n<!-- \/ Yoast SEO plugin. -->","yoast_head_json":{"title":"Praca | CULUMNATURA","robots":{"index":"noindex","follow":"follow","max-snippet":"max-snippet:-1","max-image-preview":"max-image-preview:large","max-video-preview":"max-video-preview:-1"},"og_locale":"pl_PL","og_type":"article","og_title":"Praca | CULUMNATURA","og_description":"&#8220;\u0141\u0105czymy pi\u0119kno z naturalno\u015bci\u0105 &#8211; chroni\u0105c wszystkie \u017cywe stworzenia i Matk\u0119 Ziemi\u0119&#8221; to motto naszej firmy. Je\u015bli r\u00f3wnie\u017c uto\u017csamiasz si\u0119 z tymi warto\u015bciami, a \u017cycie w harmonii z NATUR\u0104 jest dla Ciebie wa\u017cne, czekamy na Twoj\u0105 aplikacj\u0119. Ro\u015bnij naturalnie &#8211; z CULUMNATURA Aplikuj teraz! Opr\u00f3cz zr\u00f3\u017cnicowanego zakresu zada\u0144 w rozwijaj\u0105cej si\u0119 bran\u017cy i miejsca pracy [&hellip;]","og_url":"https:\/\/culum.jla-it.at\/pl\/culumnatura\/praca\/","og_site_name":"CULUMNATURA","article_modified_time":"2023-08-24T19:10:12+00:00","og_image":[{"url":"https:\/\/culum.jla-it.at\/www\/wp-content\/uploads\/2022\/12\/Foto_Melanie_N_-ade4e556.jpg"}],"twitter_card":"summary_large_image","twitter_misc":{"Est. reading time":"1 minute"},"schema":{"@context":"https:\/\/schema.org","@graph":[{"@type":"WebPage","@id":"https:\/\/culum.jla-it.at\/pl\/culumnatura\/praca\/","url":"https:\/\/culum.jla-it.at\/pl\/culumnatura\/praca\/","name":"Praca | CULUMNATURA","isPartOf":{"@id":"https:\/\/culum.jla-it.at\/pl\/#website"},"primaryImageOfPage":{"@id":"https:\/\/culum.jla-it.at\/pl\/culumnatura\/praca\/#primaryimage"},"image":{"@id":"https:\/\/culum.jla-it.at\/pl\/culumnatura\/praca\/#primaryimage"},"thumbnailUrl":"https:\/\/culum.jla-it.at\/www\/wp-content\/uploads\/2023\/05\/Neue-Geschaeftsfuehrung_920x613.jpg","datePublished":"2022-12-28T16:16:35+00:00","dateModified":"2023-08-24T19:10:12+00:00","breadcrumb":{"@id":"https:\/\/culum.jla-it.at\/pl\/culumnatura\/praca\/#breadcrumb"},"inLanguage":"pl-PL","potentialAction":[{"@type":"ReadAction","target":["https:\/\/culum.jla-it.at\/pl\/culumnatura\/praca\/"]}]},{"@type":"ImageObject","inLanguage":"pl-PL","@id":"https:\/\/culum.jla-it.at\/pl\/culumnatura\/praca\/#primaryimage","url":"https:\/\/culum.jla-it.at\/www\/wp-content\/uploads\/2023\/05\/Neue-Geschaeftsfuehrung_920x613.jpg","contentUrl":"https:\/\/culum.jla-it.at\/www\/wp-content\/uploads\/2023\/05\/Neue-Geschaeftsfuehrung_920x613.jpg","width":920,"height":612},{"@type":"BreadcrumbList","@id":"https:\/\/culum.jla-it.at\/pl\/culumnatura\/praca\/#breadcrumb","itemListElement":[{"@type":"ListItem","position":1,"name":"CULUMNATURA","item":"https:\/\/culum.jla-it.at\/pl\/"},{"@type":"ListItem","position":2,"name":"CULUMNATURA","item":"https:\/\/culum.jla-it.at\/pl\/naturkosmetik-hersteller-oesterreich\/"},{"@type":"ListItem","position":3,"name":"Praca"}]},{"@type":"WebSite","@id":"https:\/\/culum.jla-it.at\/pl\/#website","url":"https:\/\/culum.jla-it.at\/pl\/","name":"CULUMNATURA","description":"","publisher":{"@id":"https:\/\/culum.jla-it.at\/pl\/#organization"},"potentialAction":[{"@type":"SearchAction","target":{"@type":"EntryPoint","urlTemplate":"https:\/\/culum.jla-it.at\/pl\/?s={search_term_string}"},"query-input":"required name=search_term_string"}],"inLanguage":"pl-PL"},{"@type":"Organization","@id":"https:\/\/culum.jla-it.at\/pl\/#organization","name":"CULUMNATURA","url":"https:\/\/culum.jla-it.at\/pl\/","logo":{"@type":"ImageObject","inLanguage":"pl-PL","@id":"https:\/\/culum.jla-it.at\/pl\/#\/schema\/logo\/image\/","url":"","contentUrl":"","caption":"CULUMNATURA"},"image":{"@id":"https:\/\/culum.jla-it.at\/pl\/#\/schema\/logo\/image\/"}}]}},"_links":{"self":[{"href":"https:\/\/culum.jla-it.at\/pl\/wp-json\/wp\/v2\/pages\/5182","targetHints":{"allow":["GET"]}}],"collection":[{"href":"https:\/\/culum.jla-it.at\/pl\/wp-json\/wp\/v2\/pages"}],"about":[{"href":"https:\/\/culum.jla-it.at\/pl\/wp-json\/wp\/v2\/types\/page"}],"author":[{"embeddable":true,"href":"https:\/\/culum.jla-it.at\/pl\/wp-json\/wp\/v2\/users\/1"}],"replies":[{"embeddable":true,"href":"https:\/\/culum.jla-it.at\/pl\/wp-json\/wp\/v2\/comments?post=5182"}],"version-history":[{"count":10,"href":"https:\/\/culum.jla-it.at\/pl\/wp-json\/wp\/v2\/pages\/5182\/revisions"}],"predecessor-version":[{"id":6881,"href":"https:\/\/culum.jla-it.at\/pl\/wp-json\/wp\/v2\/pages\/5182\/revisions\/6881"}],"up":[{"embeddable":true,"href":"https:\/\/culum.jla-it.at\/pl\/wp-json\/wp\/v2\/pages\/5199"}],"wp:featuredmedia":[{"embeddable":true,"href":"https:\/\/culum.jla-it.at\/pl\/wp-json\/wp\/v2\/media\/5324"}],"wp:attachment":[{"href":"https:\/\/culum.jla-it.at\/pl\/wp-json\/wp\/v2\/media?parent=5182"}],"curies":[{"name":"wp","href":"https:\/\/api.w.org\/{rel}","templated":true}]}}