{"id":5172,"date":"2023-01-16T13:37:11","date_gmt":"2023-01-16T12:37:11","guid":{"rendered":"https:\/\/culum.jla-it.at\/akademia\/wymagania-akademia\/"},"modified":"2023-08-24T21:03:17","modified_gmt":"2023-08-24T19:03:17","slug":"wymagania-akademia","status":"publish","type":"page","link":"https:\/\/culum.jla-it.at\/pl\/akademia\/wymagania-akademia\/","title":{"rendered":"Wymagania AKADEMII"},"content":{"rendered":"\t\t<div data-elementor-type=\"wp-page\" data-elementor-id=\"5172\" class=\"elementor elementor-5172 elementor-1665\" data-elementor-post-type=\"page\">\n\t\t\t\t\t\t<section class=\"elementor-section elementor-top-section elementor-element elementor-element-642d66fc elementor-section-boxed elementor-section-height-default elementor-section-height-default\" data-id=\"642d66fc\" data-element_type=\"section\">\n\t\t\t\t\t\t<div class=\"elementor-container elementor-column-gap-default\">\n\t\t\t\t\t<div class=\"elementor-column elementor-col-100 elementor-top-column elementor-element elementor-element-74d2b5c0\" data-id=\"74d2b5c0\" data-element_type=\"column\">\n\t\t\t<div class=\"elementor-widget-wrap elementor-element-populated\">\n\t\t\t\t\t\t<div class=\"elementor-element elementor-element-3921d07d elementor-align-center elementor-widget elementor-widget-breadcrumbs\" data-id=\"3921d07d\" data-element_type=\"widget\" data-widget_type=\"breadcrumbs.default\">\n\t\t\t\t<div class=\"elementor-widget-container\">\n\t\t\t<p id=\"breadcrumbs\"><span><span><a href=\"https:\/\/culum.jla-it.at\/pl\/\">CULUMNATURA<\/a><\/span><\/span><\/p>\t\t<\/div>\n\t\t\t\t<\/div>\n\t\t\t\t\t<\/div>\n\t\t<\/div>\n\t\t\t\t\t<\/div>\n\t\t<\/section>\n\t\t\t\t<section data-dce-background-image-url=\"https:\/\/culum.jla-it.at\/www\/wp-content\/uploads\/2023\/02\/illustrationen-gelb-orange.png\" class=\"elementor-section elementor-top-section elementor-element elementor-element-c44e894 elementor-section-height-min-height elementor-section-boxed elementor-section-height-default elementor-section-items-middle\" data-id=\"c44e894\" data-element_type=\"section\" data-settings=\"{&quot;background_background&quot;:&quot;classic&quot;}\">\n\t\t\t\t\t\t\t<div class=\"elementor-background-overlay\"><\/div>\n\t\t\t\t\t\t\t<div class=\"elementor-container elementor-column-gap-default\">\n\t\t\t\t\t<div class=\"elementor-column elementor-col-100 elementor-top-column elementor-element elementor-element-78f3a4e9\" data-id=\"78f3a4e9\" data-element_type=\"column\">\n\t\t\t<div class=\"elementor-widget-wrap elementor-element-populated\">\n\t\t\t\t\t\t<div class=\"elementor-element elementor-element-16b7e048 elementor-widget elementor-widget-heading\" data-id=\"16b7e048\" data-element_type=\"widget\" data-widget_type=\"heading.default\">\n\t\t\t\t<div class=\"elementor-widget-container\">\n\t\t\t<h2 class=\"elementor-heading-title elementor-size-default\">Warunki i szczeg\u00f3\u0142y dotycz\u0105ce szkole\u0144<\/h2>\t\t<\/div>\n\t\t\t\t<\/div>\n\t\t\t\t<div class=\"elementor-element elementor-element-0d0a613 elementor-widget elementor-widget-text-editor\" data-id=\"0d0a613\" data-element_type=\"widget\" data-widget_type=\"text-editor.default\">\n\t\t\t\t<div class=\"elementor-widget-container\">\n\t\t\t\t\t\t\t<p>Produkty do piel\u0119gnacji sk\u00f3ry i w\u0142os\u00f3w C<span class=\"ulum\">ULUM<\/span>NATURA sprzedawane s\u0105 wy\u0142\u0105cznie przez\u00a0<strong>fryzjer\u00f3w i kosmetyczki NATURAlne<\/strong>. Produkty do piel\u0119gnacji sk\u00f3ry i w\u0142os\u00f3w C<span class=\"ulum\">ULUM<\/span>NATURA\u00a0mog\u0105 dystrybuowa\u0107 wy\u0142\u0105cznie osoby posiadaj\u0105ce dzia\u0142alno\u015b\u0107 gospodarcz\u0105 lub pracuj\u0105ce na w\u0142asny rachunek\u00a0w sektorze fryzjerskim i\/lub kosmetycznym, kt\u00f3re przesz\u0142y odpowiednie szkolenie.<\/p>\n\t\t\t\t\t\t<\/div>\n\t\t\t\t<\/div>\n\t\t\t\t<section class=\"elementor-section elementor-inner-section elementor-element elementor-element-2272f9dc elementor-section-boxed elementor-section-height-default elementor-section-height-default\" data-id=\"2272f9dc\" data-element_type=\"section\">\n\t\t\t\t\t\t<div class=\"elementor-container elementor-column-gap-wider\">\n\t\t\t\t\t<div class=\"elementor-column elementor-col-50 elementor-inner-column elementor-element elementor-element-4b690170\" data-id=\"4b690170\" data-element_type=\"column\">\n\t\t\t<div class=\"elementor-widget-wrap elementor-element-populated\">\n\t\t\t\t\t\t<div class=\"elementor-element elementor-element-3b03f32a elementor-widget elementor-widget-text-editor\" data-id=\"3b03f32a\" data-element_type=\"widget\" data-widget_type=\"text-editor.default\">\n\t\t\t\t<div class=\"elementor-widget-container\">\n\t\t\t\t\t\t\t<h4>Podstawowe wymagania dotycz\u0105ce nabywania produkt\u00f3w C<span class=\"ulum\">ULUM<\/span>NATURA:<\/h4>\n\t\t\t\t\t\t<\/div>\n\t\t\t\t<\/div>\n\t\t\t\t<div class=\"elementor-element elementor-element-2e0f54ba elementor-align-left elementor-icon-list--layout-traditional elementor-list-item-link-full_width elementor-widget elementor-widget-icon-list\" data-id=\"2e0f54ba\" data-element_type=\"widget\" data-widget_type=\"icon-list.default\">\n\t\t\t\t<div class=\"elementor-widget-container\">\n\t\t\t\t\t<ul class=\"elementor-icon-list-items\">\n\t\t\t\t\t\t\t<li class=\"elementor-icon-list-item\">\n\t\t\t\t\t\t\t\t\t\t\t<span class=\"elementor-icon-list-icon\">\n\t\t\t\t\t\t\t<i aria-hidden=\"true\" class=\"fas fa-check\"><\/i>\t\t\t\t\t\t<\/span>\n\t\t\t\t\t\t\t\t\t\t<span class=\"elementor-icon-list-text\">Posiadanie koncesji handlowej: fryzjer lub kosmetyczka (dopuszczalni s\u0105 r\u00f3wnie\u017c partnerzy w dziedzinie medycyny alternatywnej i po\u0142o\u017cnictwa).<\/span>\n\t\t\t\t\t\t\t\t\t<\/li>\n\t\t\t\t\t\t\t\t<li class=\"elementor-icon-list-item\">\n\t\t\t\t\t\t\t\t\t\t\t<span class=\"elementor-icon-list-icon\">\n\t\t\t\t\t\t\t<i aria-hidden=\"true\" class=\"fas fa-check\"><\/i>\t\t\t\t\t\t<\/span>\n\t\t\t\t\t\t\t\t\t\t<span class=\"elementor-icon-list-text\">Holistyczna specjalistyczna wiedza.<\/span>\n\t\t\t\t\t\t\t\t\t<\/li>\n\t\t\t\t\t\t\t\t<li class=\"elementor-icon-list-item\">\n\t\t\t\t\t\t\t\t\t\t\t<span class=\"elementor-icon-list-icon\">\n\t\t\t\t\t\t\t<i aria-hidden=\"true\" class=\"fas fa-check\"><\/i>\t\t\t\t\t\t<\/span>\n\t\t\t\t\t\t\t\t\t\t<span class=\"elementor-icon-list-text\">Uko\u0144czenie modu\u0142u Piel\u0119gnacja sk\u00f3ry i w\u0142os\u00f3w uprawnia fryzjer\u00f3w i kosmetyczki do sprzeda\u017cy produkt\u00f3w piel\u0119gnacyjnych CULUMNATURA.<\/span>\n\t\t\t\t\t\t\t\t\t<\/li>\n\t\t\t\t\t\t\t\t<li class=\"elementor-icon-list-item\">\n\t\t\t\t\t\t\t\t\t\t\t<span class=\"elementor-icon-list-icon\">\n\t\t\t\t\t\t\t<i aria-hidden=\"true\" class=\"fas fa-check\"><\/i>\t\t\t\t\t\t<\/span>\n\t\t\t\t\t\t\t\t\t\t<span class=\"elementor-icon-list-text\">Uko\u0144czenie modu\u0142u satuscolor Farby ro\u015blinne uprawnia fryzjer\u00f3w i kosmetyczki do sprzeda\u017cy farb ro\u015blinnych do w\u0142os\u00f3w CULUMNATURA\u00ae<\/span>\n\t\t\t\t\t\t\t\t\t<\/li>\n\t\t\t\t\t\t<\/ul>\n\t\t\t\t<\/div>\n\t\t\t\t<\/div>\n\t\t\t\t<div class=\"elementor-element elementor-element-c4d1fd8 elementor-widget elementor-widget-text-editor\" data-id=\"c4d1fd8\" data-element_type=\"widget\" data-widget_type=\"text-editor.default\">\n\t\t\t\t<div class=\"elementor-widget-container\">\n\t\t\t\t\t\t\t<p>DOWNLOAD: Op\u0142ata za uczestnictwo w szkoleniach CULUMNATURA<\/p>\n\t\t\t\t\t\t<\/div>\n\t\t\t\t<\/div>\n\t\t\t\t<div class=\"elementor-element elementor-element-9f1188f elementor-align-center elementor-widget elementor-widget-button\" data-id=\"9f1188f\" data-element_type=\"widget\" data-widget_type=\"button.default\">\n\t\t\t\t<div class=\"elementor-widget-container\">\n\t\t\t\t\t<div class=\"elementor-button-wrapper\">\n\t\t\t<a class=\"elementor-button elementor-button-link elementor-size-md elementor-animation-float\" href=\"https:\/\/testlink.creatorweb.at\/wp-content\/uploads\/2023\/01\/Teilnahmegebuehr_Seminare_allgemein.pdf\" download=\"Teilnahmegebuehr\">\n\t\t\t\t\t\t<span class=\"elementor-button-content-wrapper\">\n\t\t\t\t\t\t\t\t\t<span class=\"elementor-button-text\">DOWNLOAD<\/span>\n\t\t\t\t\t<\/span>\n\t\t\t\t\t<\/a>\n\t\t<\/div>\n\t\t\t\t<\/div>\n\t\t\t\t<\/div>\n\t\t\t\t\t<\/div>\n\t\t<\/div>\n\t\t\t\t<div class=\"elementor-column elementor-col-50 elementor-inner-column elementor-element elementor-element-7d2fb81c\" data-id=\"7d2fb81c\" data-element_type=\"column\">\n\t\t\t<div class=\"elementor-widget-wrap elementor-element-populated\">\n\t\t\t\t\t\t<div class=\"elementor-element elementor-element-474b2deb elementor-widget elementor-widget-ucaddon_uc_material_bullets\" data-id=\"474b2deb\" data-element_type=\"widget\" data-widget_type=\"ucaddon_uc_material_bullets.default\">\n\t\t\t\t<div class=\"elementor-widget-container\">\n\t\t\t\n<!-- start Icon Bullets -->\n\t\t<link id='font-awesome-css' href='https:\/\/culum.jla-it.at\/www\/wp-content\/plugins\/unlimited-elements-for-elementor-premium\/assets_libraries\/font-awesome6\/fontawesome-all.min.css' type='text\/css' rel='stylesheet' >\n\t\t<link id='font-awesome-4-shim-css' href='https:\/\/culum.jla-it.at\/www\/wp-content\/plugins\/unlimited-elements-for-elementor-premium\/assets_libraries\/font-awesome6\/fontawesome-v4-shims.min.css' type='text\/css' rel='stylesheet' >\n\n<style>\/* widget: Icon Bullets *\/\n\n\r\n@keyframes uc_uc_material_bullets_elementor_474b2deb__item-animation {\r\n  0% {\r\n            \r\n        \t        \tfilter: blur(4px);\r\n\t\t\t\r\n    \t    opacity: 0;\r\n  }\r\n  100% {\r\n            \r\n        \t            filter: blur(0px);\r\n            \r\n    \t\topacity: 1;\r\n  }\r\n}\r\n\r\n\r\n#uc_uc_material_bullets_elementor_474b2deb .uc_material_bullets_row{\r\n\topacity:0;\r\n}\r\n\r\n\r\n#uc_uc_material_bullets_elementor_474b2deb .uc-entrance-animate {\r\n  opacity:1;\r\n}\r\n\r\n#uc_uc_material_bullets_elementor_474b2deb .uc-entrance-animate {\r\n\tanimation: uc_uc_material_bullets_elementor_474b2deb__item-animation 0.6s cubic-bezier(0.470, 0.000, 0.745, 0.715) both;\r\n}\r\n\r\n\t\t\t\n\n#uc_uc_material_bullets_elementor_474b2deb *{\n\t-webkit-box-sizing: border-box;\n\t-moz-box-sizing: border-box;\n\tbox-sizing: border-box;\n}\n\n#uc_uc_material_bullets_elementor_474b2deb .uc-bullet-active{\n}\n\n\n#uc_uc_material_bullets_elementor_474b2deb .ue-icon\n{\n  display:flex;\n  align-items:center;\n  justify-content:center;\n  flex-grow:0;\n  flex-shrink:0;\n  line-height:1em;\n  transition:0.3s;\n}\n\n#uc_uc_material_bullets_elementor_474b2deb .ue-icon svg\n{\n  height:1em;\n  width:1em;\n}\n\n\n#uc_uc_material_bullets_elementor_474b2deb .uc_material_bullets_row\n{\n\tfont-weight:400;\n\toverflow:hidden;\n\tdisplay:flex;\n\tposition:relative;\n\ttext-align:left;\n\twidth:100%;\n   \n    transition:0.3s;\n}\n\n\n#uc_uc_material_bullets_elementor_474b2deb .uc_material_bullets_row a.ue-item-link\n{\n  position:absolute;\n  display:block;\n  top:0;\n  right:0;\n  left:0;\n  bottom:0;\n}\n\n#uc_uc_material_bullets_elementor_474b2deb .uc_material_bullets_row:last-child\n{\n\tmargin-bottom:0px !important;\n}\n\n\n#uc_uc_material_bullets_elementor_474b2deb .uc_material_bullets_row \n{\n\tposition:relative;\n\tvertical-align:middle;\n}\n\n#uc_uc_material_bullets_elementor_474b2deb .uc_material_bullets_row .uc_content_box\n{\n\tdisplay:flex;\n    flex-direction:column;\n    justify-content:center;\n    align-items: flex-start;\n    flex-grow:1;\n}\n\n#uc_uc_material_bullets_elementor_474b2deb .ue-bullets\n{\n  display:grid;\n}\n\n#uc_uc_material_bullets_elementor_474b2deb .ue-text, #uc_uc_material_bullets_elementor_474b2deb .ue-title, #uc_uc_material_bullets_elementor_474b2deb .ue-seperator\n{\n  width:100%;\n}\n\n#uc_uc_material_bullets_elementor_474b2deb .ue-seperator-line\n{\n  display:inline-block;\n  font-size:0px;\n}\n\n#uc_uc_material_bullets_elementor_474b2deb .ue-seperator\n{\n  font-size:0px;\n}\n\n#uc_uc_material_bullets_elementor_474b2deb.uc-remote-parent .uc_material_bullets_row\n{\n  cursor:pointer;\n}\n\n.ue-title\n{\n  font-size:21px;\n  margin:0;\n}\n\n<\/style>\n\n<div class=\"uc_material_bullets \"  id=\"uc_uc_material_bullets_elementor_474b2deb\" >   \t\n    \t<div class=\"ue-bullets\">\n          \t<div class=\"uc_material_bullets_row elementor-repeater-item-3afff67\">\n              <div class=\"ue-icon\">\n                    <i class='fas fa-leaf'><\/i>                    \t\n\n                \n              <\/div>\n  <div class=\"uc_content_box uc_ceal\">\n    <div class=\"ue-title\"><\/div>\n    \n    \t\n    \n    <div class=\"ue-text\">Nasza koncepcja szkoleniowa skierowana jest do fryzjer\u00f3w NATURAlnych i tych, kt\u00f3rzy chc\u0105 nimi zosta\u0107. Obejmuje to transfer wiedzy, \u0107wiczenia praktyczne i otwiera dost\u0119p do naturalnego sposobu pracy i \u017cycia.<\/div>\t\n  <\/div>\n    \t\n<\/div>\n<div class=\"uc_material_bullets_row elementor-repeater-item-b8dc67d\">\n              <div class=\"ue-icon\">\n                    <i class='fas fa-leaf'><\/i>                    \t\n\n                \n              <\/div>\n  <div class=\"uc_content_box uc_ceal\">\n    <div class=\"ue-title\"><\/div>\n    \n    \t\n    \n    <div class=\"ue-text\">Modu\u0142y s\u0105 niezale\u017cne i mog\u0105 by\u0107 rezerwowane indywidualnie. Zainteresowane osoby mog\u0105 odwiedza\u0107 poszczeg\u00f3lne modu\u0142y. Ka\u017cdy modu\u0142 trwa 2,5 dnia. \r\n\r\n<\/div>\t\n  <\/div>\n    \t\n<\/div>\n<div class=\"uc_material_bullets_row elementor-repeater-item-ce0d4a9\">\n              <div class=\"ue-icon\">\n                    <i class='fas fa-leaf'><\/i>                    \t\n\n                \n              <\/div>\n  <div class=\"uc_content_box uc_ceal\">\n    <div class=\"ue-title\"><\/div>\n    \n    \t\n    \n    <div class=\"ue-text\">Je\u015bli planujesz odwiedzi\u0107 oba modu\u0142y startowe Piel\u0119gnacja sk\u00f3ry i w\u0142os\u00f3w oraz satuscolor Farby ro\u015blinne do w\u0142os\u00f3w, zalecamy najpierw uczestnictwo w module Piel\u0119gnacja sk\u00f3ry i w\u0142os\u00f3w. Kolejno\u015b\u0107 ta oferuje tak\u017ce korzy\u015bci finansowe.<\/div>\t\n  <\/div>\n    \t\n<\/div>\n<div class=\"uc_material_bullets_row elementor-repeater-item-1045e5b\">\n              <div class=\"ue-icon\">\n                    <i class='fas fa-leaf'><\/i>                    \t\n\n                \n              <\/div>\n  <div class=\"uc_content_box uc_ceal\">\n    <div class=\"ue-title\"><\/div>\n    \n    \t\n    \n    <div class=\"ue-text\">Obecno\u015b\u0107 na modu\u0142ach os\u00f3b prywatnych nie uprawnia ich do zakupu produkt\u00f3w firmy CULUMNATURA.\r\n\r\n<\/div>\t\n  <\/div>\n    \t\n<\/div>\n\n      <\/div>\n<\/div>\n<!-- end Icon Bullets -->\t\t<\/div>\n\t\t\t\t<\/div>\n\t\t\t\t\t<\/div>\n\t\t<\/div>\n\t\t\t\t\t<\/div>\n\t\t<\/section>\n\t\t\t\t\t<\/div>\n\t\t<\/div>\n\t\t\t\t\t<\/div>\n\t\t<\/section>\n\t\t\t\t<\/div>\n\t\t","protected":false},"excerpt":{"rendered":"<p>Warunki i szczeg\u00f3\u0142y dotycz\u0105ce szkole\u0144 Produkty do piel\u0119gnacji sk\u00f3ry i w\u0142os\u00f3w CULUMNATURA sprzedawane s\u0105 wy\u0142\u0105cznie przez\u00a0fryzjer\u00f3w i kosmetyczki NATURAlne. Produkty do piel\u0119gnacji sk\u00f3ry i w\u0142os\u00f3w CULUMNATURA\u00a0mog\u0105 dystrybuowa\u0107 wy\u0142\u0105cznie osoby posiadaj\u0105ce dzia\u0142alno\u015b\u0107 gospodarcz\u0105 lub pracuj\u0105ce na w\u0142asny rachunek\u00a0w sektorze fryzjerskim i\/lub kosmetycznym, kt\u00f3re przesz\u0142y odpowiednie szkolenie. Podstawowe wymagania dotycz\u0105ce nabywania produkt\u00f3w CULUMNATURA: Posiadanie koncesji handlowej: fryzjer [&hellip;]<\/p>\n","protected":false},"author":1,"featured_media":4591,"parent":5164,"menu_order":0,"comment_status":"closed","ping_status":"closed","template":"elementor_header_footer","meta":{"_acf_changed":false,"footnotes":""},"class_list":["post-5172","page","type-page","status-publish","has-post-thumbnail","hentry"],"acf":[],"yoast_head":"<!-- This site is optimized with the Yoast SEO plugin v22.8 - https:\/\/yoast.com\/wordpress\/plugins\/seo\/ -->\n<title>Wymagania AKADEMII | CULUMNATURA<\/title>\n<meta name=\"robots\" content=\"noindex, follow, max-snippet:-1, max-image-preview:large, max-video-preview:-1\" \/>\n<meta property=\"og:locale\" content=\"pl_PL\" \/>\n<meta property=\"og:type\" content=\"article\" \/>\n<meta property=\"og:title\" content=\"Wymagania AKADEMII | CULUMNATURA\" \/>\n<meta property=\"og:description\" content=\"Warunki i szczeg\u00f3\u0142y dotycz\u0105ce szkole\u0144 Produkty do piel\u0119gnacji sk\u00f3ry i w\u0142os\u00f3w CULUMNATURA sprzedawane s\u0105 wy\u0142\u0105cznie przez\u00a0fryzjer\u00f3w i kosmetyczki NATURAlne. Produkty do piel\u0119gnacji sk\u00f3ry i w\u0142os\u00f3w CULUMNATURA\u00a0mog\u0105 dystrybuowa\u0107 wy\u0142\u0105cznie osoby posiadaj\u0105ce dzia\u0142alno\u015b\u0107 gospodarcz\u0105 lub pracuj\u0105ce na w\u0142asny rachunek\u00a0w sektorze fryzjerskim i\/lub kosmetycznym, kt\u00f3re przesz\u0142y odpowiednie szkolenie. Podstawowe wymagania dotycz\u0105ce nabywania produkt\u00f3w CULUMNATURA: Posiadanie koncesji handlowej: fryzjer [&hellip;]\" \/>\n<meta property=\"og:url\" content=\"https:\/\/culum.jla-it.at\/pl\/akademia\/wymagania-akademia\/\" \/>\n<meta property=\"og:site_name\" content=\"CULUMNATURA\" \/>\n<meta property=\"article:modified_time\" content=\"2023-08-24T19:03:17+00:00\" \/>\n<meta name=\"twitter:card\" content=\"summary_large_image\" \/>\n<meta name=\"twitter:label1\" content=\"Est. reading time\" \/>\n\t<meta name=\"twitter:data1\" content=\"1 minute\" \/>\n<script type=\"application\/ld+json\" class=\"yoast-schema-graph\">{\"@context\":\"https:\/\/schema.org\",\"@graph\":[{\"@type\":\"WebPage\",\"@id\":\"https:\/\/culum.jla-it.at\/pl\/akademia\/wymagania-akademia\/\",\"url\":\"https:\/\/culum.jla-it.at\/pl\/akademia\/wymagania-akademia\/\",\"name\":\"Wymagania AKADEMII | CULUMNATURA\",\"isPartOf\":{\"@id\":\"https:\/\/culum.jla-it.at\/pl\/#website\"},\"primaryImageOfPage\":{\"@id\":\"https:\/\/culum.jla-it.at\/pl\/akademia\/wymagania-akademia\/#primaryimage\"},\"image\":{\"@id\":\"https:\/\/culum.jla-it.at\/pl\/akademia\/wymagania-akademia\/#primaryimage\"},\"thumbnailUrl\":\"https:\/\/culum.jla-it.at\/www\/wp-content\/uploads\/2023\/08\/Logo_Akademie_Polen.png\",\"datePublished\":\"2023-01-16T12:37:11+00:00\",\"dateModified\":\"2023-08-24T19:03:17+00:00\",\"breadcrumb\":{\"@id\":\"https:\/\/culum.jla-it.at\/pl\/akademia\/wymagania-akademia\/#breadcrumb\"},\"inLanguage\":\"pl-PL\",\"potentialAction\":[{\"@type\":\"ReadAction\",\"target\":[\"https:\/\/culum.jla-it.at\/pl\/akademia\/wymagania-akademia\/\"]}]},{\"@type\":\"ImageObject\",\"inLanguage\":\"pl-PL\",\"@id\":\"https:\/\/culum.jla-it.at\/pl\/akademia\/wymagania-akademia\/#primaryimage\",\"url\":\"https:\/\/culum.jla-it.at\/www\/wp-content\/uploads\/2023\/08\/Logo_Akademie_Polen.png\",\"contentUrl\":\"https:\/\/culum.jla-it.at\/www\/wp-content\/uploads\/2023\/08\/Logo_Akademie_Polen.png\",\"width\":1738,\"height\":1738},{\"@type\":\"BreadcrumbList\",\"@id\":\"https:\/\/culum.jla-it.at\/pl\/akademia\/wymagania-akademia\/#breadcrumb\",\"itemListElement\":[{\"@type\":\"ListItem\",\"position\":1,\"name\":\"CULUMNATURA\",\"item\":\"https:\/\/culum.jla-it.at\/pl\/\"},{\"@type\":\"ListItem\",\"position\":2,\"name\":\"Akademia\",\"item\":\"https:\/\/culum.jla-it.at\/pl\/akademie\/\"},{\"@type\":\"ListItem\",\"position\":3,\"name\":\"Wymagania AKADEMII\"}]},{\"@type\":\"WebSite\",\"@id\":\"https:\/\/culum.jla-it.at\/pl\/#website\",\"url\":\"https:\/\/culum.jla-it.at\/pl\/\",\"name\":\"CULUMNATURA\",\"description\":\"\",\"publisher\":{\"@id\":\"https:\/\/culum.jla-it.at\/pl\/#organization\"},\"potentialAction\":[{\"@type\":\"SearchAction\",\"target\":{\"@type\":\"EntryPoint\",\"urlTemplate\":\"https:\/\/culum.jla-it.at\/pl\/?s={search_term_string}\"},\"query-input\":\"required name=search_term_string\"}],\"inLanguage\":\"pl-PL\"},{\"@type\":\"Organization\",\"@id\":\"https:\/\/culum.jla-it.at\/pl\/#organization\",\"name\":\"CULUMNATURA\",\"url\":\"https:\/\/culum.jla-it.at\/pl\/\",\"logo\":{\"@type\":\"ImageObject\",\"inLanguage\":\"pl-PL\",\"@id\":\"https:\/\/culum.jla-it.at\/pl\/#\/schema\/logo\/image\/\",\"url\":\"\",\"contentUrl\":\"\",\"caption\":\"CULUMNATURA\"},\"image\":{\"@id\":\"https:\/\/culum.jla-it.at\/pl\/#\/schema\/logo\/image\/\"}}]}<\/script>\n<!-- \/ Yoast SEO plugin. -->","yoast_head_json":{"title":"Wymagania AKADEMII | CULUMNATURA","robots":{"index":"noindex","follow":"follow","max-snippet":"max-snippet:-1","max-image-preview":"max-image-preview:large","max-video-preview":"max-video-preview:-1"},"og_locale":"pl_PL","og_type":"article","og_title":"Wymagania AKADEMII | CULUMNATURA","og_description":"Warunki i szczeg\u00f3\u0142y dotycz\u0105ce szkole\u0144 Produkty do piel\u0119gnacji sk\u00f3ry i w\u0142os\u00f3w CULUMNATURA sprzedawane s\u0105 wy\u0142\u0105cznie przez\u00a0fryzjer\u00f3w i kosmetyczki NATURAlne. Produkty do piel\u0119gnacji sk\u00f3ry i w\u0142os\u00f3w CULUMNATURA\u00a0mog\u0105 dystrybuowa\u0107 wy\u0142\u0105cznie osoby posiadaj\u0105ce dzia\u0142alno\u015b\u0107 gospodarcz\u0105 lub pracuj\u0105ce na w\u0142asny rachunek\u00a0w sektorze fryzjerskim i\/lub kosmetycznym, kt\u00f3re przesz\u0142y odpowiednie szkolenie. Podstawowe wymagania dotycz\u0105ce nabywania produkt\u00f3w CULUMNATURA: Posiadanie koncesji handlowej: fryzjer [&hellip;]","og_url":"https:\/\/culum.jla-it.at\/pl\/akademia\/wymagania-akademia\/","og_site_name":"CULUMNATURA","article_modified_time":"2023-08-24T19:03:17+00:00","twitter_card":"summary_large_image","twitter_misc":{"Est. reading time":"1 minute"},"schema":{"@context":"https:\/\/schema.org","@graph":[{"@type":"WebPage","@id":"https:\/\/culum.jla-it.at\/pl\/akademia\/wymagania-akademia\/","url":"https:\/\/culum.jla-it.at\/pl\/akademia\/wymagania-akademia\/","name":"Wymagania AKADEMII | CULUMNATURA","isPartOf":{"@id":"https:\/\/culum.jla-it.at\/pl\/#website"},"primaryImageOfPage":{"@id":"https:\/\/culum.jla-it.at\/pl\/akademia\/wymagania-akademia\/#primaryimage"},"image":{"@id":"https:\/\/culum.jla-it.at\/pl\/akademia\/wymagania-akademia\/#primaryimage"},"thumbnailUrl":"https:\/\/culum.jla-it.at\/www\/wp-content\/uploads\/2023\/08\/Logo_Akademie_Polen.png","datePublished":"2023-01-16T12:37:11+00:00","dateModified":"2023-08-24T19:03:17+00:00","breadcrumb":{"@id":"https:\/\/culum.jla-it.at\/pl\/akademia\/wymagania-akademia\/#breadcrumb"},"inLanguage":"pl-PL","potentialAction":[{"@type":"ReadAction","target":["https:\/\/culum.jla-it.at\/pl\/akademia\/wymagania-akademia\/"]}]},{"@type":"ImageObject","inLanguage":"pl-PL","@id":"https:\/\/culum.jla-it.at\/pl\/akademia\/wymagania-akademia\/#primaryimage","url":"https:\/\/culum.jla-it.at\/www\/wp-content\/uploads\/2023\/08\/Logo_Akademie_Polen.png","contentUrl":"https:\/\/culum.jla-it.at\/www\/wp-content\/uploads\/2023\/08\/Logo_Akademie_Polen.png","width":1738,"height":1738},{"@type":"BreadcrumbList","@id":"https:\/\/culum.jla-it.at\/pl\/akademia\/wymagania-akademia\/#breadcrumb","itemListElement":[{"@type":"ListItem","position":1,"name":"CULUMNATURA","item":"https:\/\/culum.jla-it.at\/pl\/"},{"@type":"ListItem","position":2,"name":"Akademia","item":"https:\/\/culum.jla-it.at\/pl\/akademie\/"},{"@type":"ListItem","position":3,"name":"Wymagania AKADEMII"}]},{"@type":"WebSite","@id":"https:\/\/culum.jla-it.at\/pl\/#website","url":"https:\/\/culum.jla-it.at\/pl\/","name":"CULUMNATURA","description":"","publisher":{"@id":"https:\/\/culum.jla-it.at\/pl\/#organization"},"potentialAction":[{"@type":"SearchAction","target":{"@type":"EntryPoint","urlTemplate":"https:\/\/culum.jla-it.at\/pl\/?s={search_term_string}"},"query-input":"required name=search_term_string"}],"inLanguage":"pl-PL"},{"@type":"Organization","@id":"https:\/\/culum.jla-it.at\/pl\/#organization","name":"CULUMNATURA","url":"https:\/\/culum.jla-it.at\/pl\/","logo":{"@type":"ImageObject","inLanguage":"pl-PL","@id":"https:\/\/culum.jla-it.at\/pl\/#\/schema\/logo\/image\/","url":"","contentUrl":"","caption":"CULUMNATURA"},"image":{"@id":"https:\/\/culum.jla-it.at\/pl\/#\/schema\/logo\/image\/"}}]}},"_links":{"self":[{"href":"https:\/\/culum.jla-it.at\/pl\/wp-json\/wp\/v2\/pages\/5172","targetHints":{"allow":["GET"]}}],"collection":[{"href":"https:\/\/culum.jla-it.at\/pl\/wp-json\/wp\/v2\/pages"}],"about":[{"href":"https:\/\/culum.jla-it.at\/pl\/wp-json\/wp\/v2\/types\/page"}],"author":[{"embeddable":true,"href":"https:\/\/culum.jla-it.at\/pl\/wp-json\/wp\/v2\/users\/1"}],"replies":[{"embeddable":true,"href":"https:\/\/culum.jla-it.at\/pl\/wp-json\/wp\/v2\/comments?post=5172"}],"version-history":[{"count":6,"href":"https:\/\/culum.jla-it.at\/pl\/wp-json\/wp\/v2\/pages\/5172\/revisions"}],"predecessor-version":[{"id":6874,"href":"https:\/\/culum.jla-it.at\/pl\/wp-json\/wp\/v2\/pages\/5172\/revisions\/6874"}],"up":[{"embeddable":true,"href":"https:\/\/culum.jla-it.at\/pl\/wp-json\/wp\/v2\/pages\/5164"}],"wp:featuredmedia":[{"embeddable":true,"href":"https:\/\/culum.jla-it.at\/pl\/wp-json\/wp\/v2\/media\/4591"}],"wp:attachment":[{"href":"https:\/\/culum.jla-it.at\/pl\/wp-json\/wp\/v2\/media?parent=5172"}],"curies":[{"name":"wp","href":"https:\/\/api.w.org\/{rel}","templated":true}]}}