{"id":5164,"date":"2022-12-27T10:10:58","date_gmt":"2022-12-27T09:10:58","guid":{"rendered":"https:\/\/culum.jla-it.at\/akademia\/"},"modified":"2023-08-21T08:01:20","modified_gmt":"2023-08-21T06:01:20","slug":"akademia","status":"publish","type":"page","link":"https:\/\/culum.jla-it.at\/pl\/akademia\/","title":{"rendered":"Akademia"},"content":{"rendered":"\t\t<div data-elementor-type=\"wp-page\" data-elementor-id=\"5164\" class=\"elementor elementor-5164 elementor-696\" data-elementor-post-type=\"page\">\n\t\t\t\t\t\t<section class=\"elementor-section elementor-top-section elementor-element elementor-element-78b950ef elementor-section-boxed elementor-section-height-default elementor-section-height-default\" data-id=\"78b950ef\" data-element_type=\"section\">\n\t\t\t\t\t\t<div class=\"elementor-container elementor-column-gap-default\">\n\t\t\t\t\t<div class=\"elementor-column elementor-col-100 elementor-top-column elementor-element elementor-element-19a260e0\" data-id=\"19a260e0\" data-element_type=\"column\">\n\t\t\t<div class=\"elementor-widget-wrap elementor-element-populated\">\n\t\t\t\t\t\t<div class=\"elementor-element elementor-element-1bf79158 elementor-align-center elementor-widget elementor-widget-breadcrumbs\" data-id=\"1bf79158\" data-element_type=\"widget\" data-widget_type=\"breadcrumbs.default\">\n\t\t\t\t<div class=\"elementor-widget-container\">\n\t\t\t<p id=\"breadcrumbs\"><span><span><a href=\"https:\/\/culum.jla-it.at\/pl\/\">CULUMNATURA<\/a><\/span><\/span><\/p>\t\t<\/div>\n\t\t\t\t<\/div>\n\t\t\t\t\t<\/div>\n\t\t<\/div>\n\t\t\t\t\t<\/div>\n\t\t<\/section>\n\t\t\t\t<section class=\"elementor-section elementor-top-section elementor-element elementor-element-f14d49a elementor-section-full_width elementor-section-height-default elementor-section-height-default\" data-id=\"f14d49a\" data-element_type=\"section\">\n\t\t\t\t\t\t<div class=\"elementor-container elementor-column-gap-default\">\n\t\t\t\t\t<div class=\"elementor-column elementor-col-100 elementor-top-column elementor-element elementor-element-ff7ee38\" data-id=\"ff7ee38\" data-element_type=\"column\">\n\t\t\t<div class=\"elementor-widget-wrap elementor-element-populated\">\n\t\t\t\t\t\t<div class=\"elementor-element elementor-element-5f35a17 dce_masking-none elementor-widget elementor-widget-image\" data-id=\"5f35a17\" data-element_type=\"widget\" data-widget_type=\"image.default\">\n\t\t\t\t<div class=\"elementor-widget-container\">\n\t\t\t\t\t\t\t\t\t\t\t\t\t<img fetchpriority=\"high\" decoding=\"async\" width=\"1920\" height=\"350\" src=\"https:\/\/culum.jla-it.at\/www\/wp-content\/uploads\/2023\/02\/header-ringelblume.png\" class=\"attachment-full size-full wp-image-4607\" alt=\"\" srcset=\"https:\/\/culum.jla-it.at\/www\/wp-content\/uploads\/2023\/02\/header-ringelblume.png 1920w, https:\/\/culum.jla-it.at\/www\/wp-content\/uploads\/2023\/02\/header-ringelblume-300x55.png 300w, https:\/\/culum.jla-it.at\/www\/wp-content\/uploads\/2023\/02\/header-ringelblume-1024x187.png 1024w, https:\/\/culum.jla-it.at\/www\/wp-content\/uploads\/2023\/02\/header-ringelblume-768x140.png 768w, https:\/\/culum.jla-it.at\/www\/wp-content\/uploads\/2023\/02\/header-ringelblume-1536x280.png 1536w\" sizes=\"(max-width: 1920px) 100vw, 1920px\" \/>\t\t\t\t\t\t\t\t\t\t\t\t\t<\/div>\n\t\t\t\t<\/div>\n\t\t\t\t\t<\/div>\n\t\t<\/div>\n\t\t\t\t\t<\/div>\n\t\t<\/section>\n\t\t\t\t<section class=\"elementor-section elementor-top-section elementor-element elementor-element-3a4a4e9e elementor-section-height-min-height elementor-section-boxed elementor-section-height-default elementor-section-items-middle\" data-id=\"3a4a4e9e\" data-element_type=\"section\">\n\t\t\t\t\t\t<div class=\"elementor-container elementor-column-gap-default\">\n\t\t\t\t\t<div class=\"elementor-column elementor-col-50 elementor-top-column elementor-element elementor-element-183ab932\" data-id=\"183ab932\" data-element_type=\"column\">\n\t\t\t<div class=\"elementor-widget-wrap elementor-element-populated\">\n\t\t\t\t\t\t<div class=\"elementor-element elementor-element-359d7cd dce_masking-none elementor-widget elementor-widget-image\" data-id=\"359d7cd\" data-element_type=\"widget\" data-widget_type=\"image.default\">\n\t\t\t\t<div class=\"elementor-widget-container\">\n\t\t\t\t\t\t\t\t\t\t\t\t\t<img decoding=\"async\" width=\"768\" height=\"768\" src=\"https:\/\/culum.jla-it.at\/www\/wp-content\/uploads\/2023\/08\/Logo_Akademie_Polen-2-768x768.png\" class=\"attachment-medium_large size-medium_large wp-image-4560\" alt=\"\" srcset=\"https:\/\/culum.jla-it.at\/www\/wp-content\/uploads\/2023\/08\/Logo_Akademie_Polen-2-768x768.png 768w, https:\/\/culum.jla-it.at\/www\/wp-content\/uploads\/2023\/08\/Logo_Akademie_Polen-2-300x300.png 300w, https:\/\/culum.jla-it.at\/www\/wp-content\/uploads\/2023\/08\/Logo_Akademie_Polen-2-1024x1024.png 1024w, https:\/\/culum.jla-it.at\/www\/wp-content\/uploads\/2023\/08\/Logo_Akademie_Polen-2-150x150.png 150w, https:\/\/culum.jla-it.at\/www\/wp-content\/uploads\/2023\/08\/Logo_Akademie_Polen-2-1536x1536.png 1536w, https:\/\/culum.jla-it.at\/www\/wp-content\/uploads\/2023\/08\/Logo_Akademie_Polen-2.png 1738w\" sizes=\"(max-width: 768px) 100vw, 768px\" \/>\t\t\t\t\t\t\t\t\t\t\t\t\t<\/div>\n\t\t\t\t<\/div>\n\t\t\t\t\t<\/div>\n\t\t<\/div>\n\t\t\t\t<div class=\"elementor-column elementor-col-50 elementor-top-column elementor-element elementor-element-2581b8d9\" data-id=\"2581b8d9\" data-element_type=\"column\">\n\t\t\t<div class=\"elementor-widget-wrap elementor-element-populated\">\n\t\t\t\t\t\t<div class=\"elementor-element elementor-element-4139615e elementor-widget elementor-widget-heading\" data-id=\"4139615e\" data-element_type=\"widget\" data-widget_type=\"heading.default\">\n\t\t\t\t<div class=\"elementor-widget-container\">\n\t\t\t<h2 class=\"elementor-heading-title elementor-size-default\">Twoja mi\u0119dzynarodowa Akademia pe\u0142na mo\u017cliwo\u015bci<\/h2>\t\t<\/div>\n\t\t\t\t<\/div>\n\t\t\t\t<div class=\"elementor-element elementor-element-33886988 elementor-widget elementor-widget-text-editor\" data-id=\"33886988\" data-element_type=\"widget\" data-widget_type=\"text-editor.default\">\n\t\t\t\t<div class=\"elementor-widget-container\">\n\t\t\t\t\t\t\t<p><strong>Nasza akademia jest centrum kompetencji w zakresie kosmetyk\u00f3w naturalnych, w kt\u00f3rym \u0142\u0105czymy to, co nale\u017cy do siebie: sprawdzon\u0105 wiedz\u0119 praktyczn\u0105 i teoretyczne podstawy dla Twojej drogi jako praktyka sk\u00f3ry i w\u0142os\u00f3w CULUMNATURA.<\/strong><\/p>\n<p>Od 1996 roku uwra\u017cliwiamy ludzi na wysokiej jako\u015bci kosmetyki naturalne. Nasze produkty do piel\u0119gnacji sk\u00f3ry i w\u0142os\u00f3w s\u0105 certyfikowane jako ekologiczne i ekskluzywne \u2013 prawdziwa NATURAlna jako\u015b\u0107 dla prawdziwych profesjonalist\u00f3w. Oferujemy uczciwe ceny dla wszystkich, du\u017cych i ma\u0142ych, i zawsze jeste\u015bmy po Twojej stronie, gdy adaptujesz salon na naturalny.<\/p>\n<p>Po prostu sta\u0144 si\u0119 cz\u0119\u015bci\u0105 naszej naturalnej historii sukcesu:<br \/>\nNasza koncepcja szkoleniowa, aby sta\u0107 si\u0119 praktykiem sk\u00f3ry i w\u0142os\u00f3w CULUMNATURA, obejmuje 8 modu\u0142\u00f3w szkoleniowych.<br \/>\n<a title=\"Modu\u0142y szkoleniowe\" href=\"https:\/\/www.culumnatura.com\/de\/ausbildungsmodule.html\">8 modu\u0142\u00f3w szkoleniowych<\/a>.<\/p>\n<p><img decoding=\"async\" class=\"alignnone wp-image-1130\" src=\"https:\/\/culum.jla-it.at\/www\/wp-content\/uploads\/2022\/12\/Oesterreichisches-Staatswappen-522x330-1-300x190.jpg\" alt=\"\" width=\"173\" height=\"110\" srcset=\"https:\/\/culum.jla-it.at\/www\/wp-content\/uploads\/2022\/12\/Oesterreichisches-Staatswappen-522x330-1-300x190.jpg 300w, https:\/\/culum.jla-it.at\/www\/wp-content\/uploads\/2022\/12\/Oesterreichisches-Staatswappen-522x330-1.jpg 522w\" sizes=\"(max-width: 173px) 100vw, 173px\" \/><img loading=\"lazy\" decoding=\"async\" class=\"alignnone wp-image-1115\" src=\"https:\/\/culum.jla-it.at\/www\/wp-content\/uploads\/2022\/12\/TUeV-LOGO_522x330-300x190.png\" alt=\"\" width=\"163\" height=\"103\" srcset=\"https:\/\/culum.jla-it.at\/www\/wp-content\/uploads\/2022\/12\/TUeV-LOGO_522x330-300x190.png 300w, https:\/\/culum.jla-it.at\/www\/wp-content\/uploads\/2022\/12\/TUeV-LOGO_522x330.png 522w\" sizes=\"(max-width: 163px) 100vw, 163px\" \/><\/p>\n<p>Twoje wykszta\u0142cenia w odznaczonym przez pa\u0144stwo przedsi\u0119biorstwie.<\/p>\n<p>Na rynku polskim, od maja 2019 jeste\u015bmy certyfikowan\u0105 Akademi\u0105 spe\u0142niaj\u0105c\u0105 Standard Us\u0142ug Szkoleniowych i Rozwojowych SUS 2.0. Polskiej Izby Firm Szkoleniowych. Na rynku niemieckoj\u0119zycznym, od stycznia 2021 nasza Akademia jest certyfikowana przez T\u00dcV Nord wed\u0142ug standardu ISO21001. Certyfikaty te odpowiadaj\u0105 jeszcze bardziej za jako\u015b\u0107 i wysokie kompetencje naszego centrum szkoleniowego. Dla Ciebie jest to ogromna korzy\u015b\u0107, poniewa\u017c <strong>ubiegania si\u0119 o dofinansowanie szkolenia<\/strong>.<\/p>\n<p>Skontaktuj si\u0119 z w\u0142adzami regionalnymi, aby dowiedzie\u0107 si\u0119, jakie fundusze Ci przys\u0142uguj\u0105.<\/p>\n\t\t\t\t\t\t<\/div>\n\t\t\t\t<\/div>\n\t\t\t\t\t<\/div>\n\t\t<\/div>\n\t\t\t\t\t<\/div>\n\t\t<\/section>\n\t\t\t\t<\/div>\n\t\t","protected":false},"excerpt":{"rendered":"<p>Twoja mi\u0119dzynarodowa Akademia pe\u0142na mo\u017cliwo\u015bci Nasza akademia jest centrum kompetencji w zakresie kosmetyk\u00f3w naturalnych, w kt\u00f3rym \u0142\u0105czymy to, co nale\u017cy do siebie: sprawdzon\u0105 wiedz\u0119 praktyczn\u0105 i teoretyczne podstawy dla Twojej drogi jako praktyka sk\u00f3ry i w\u0142os\u00f3w CULUMNATURA. Od 1996 roku uwra\u017cliwiamy ludzi na wysokiej jako\u015bci kosmetyki naturalne. Nasze produkty do piel\u0119gnacji sk\u00f3ry i w\u0142os\u00f3w s\u0105 [&hellip;]<\/p>\n","protected":false},"author":1,"featured_media":0,"parent":0,"menu_order":0,"comment_status":"closed","ping_status":"closed","template":"elementor_header_footer","meta":{"_acf_changed":false,"footnotes":""},"class_list":["post-5164","page","type-page","status-publish","hentry"],"acf":[],"yoast_head":"<!-- This site is optimized with the Yoast SEO plugin v22.8 - https:\/\/yoast.com\/wordpress\/plugins\/seo\/ -->\n<title>Akademia | CULUMNATURA<\/title>\n<meta name=\"robots\" content=\"noindex, follow, max-snippet:-1, max-image-preview:large, max-video-preview:-1\" \/>\n<meta property=\"og:locale\" content=\"pl_PL\" \/>\n<meta property=\"og:type\" content=\"article\" \/>\n<meta property=\"og:title\" content=\"Akademia | CULUMNATURA\" \/>\n<meta property=\"og:description\" content=\"Twoja mi\u0119dzynarodowa Akademia pe\u0142na mo\u017cliwo\u015bci Nasza akademia jest centrum kompetencji w zakresie kosmetyk\u00f3w naturalnych, w kt\u00f3rym \u0142\u0105czymy to, co nale\u017cy do siebie: sprawdzon\u0105 wiedz\u0119 praktyczn\u0105 i teoretyczne podstawy dla Twojej drogi jako praktyka sk\u00f3ry i w\u0142os\u00f3w CULUMNATURA. Od 1996 roku uwra\u017cliwiamy ludzi na wysokiej jako\u015bci kosmetyki naturalne. Nasze produkty do piel\u0119gnacji sk\u00f3ry i w\u0142os\u00f3w s\u0105 [&hellip;]\" \/>\n<meta property=\"og:url\" content=\"https:\/\/culum.jla-it.at\/pl\/akademia\/\" \/>\n<meta property=\"og:site_name\" content=\"CULUMNATURA\" \/>\n<meta property=\"article:modified_time\" content=\"2023-08-21T06:01:20+00:00\" \/>\n<meta property=\"og:image\" content=\"https:\/\/culum.jla-it.at\/www\/wp-content\/uploads\/2023\/02\/header-ringelblume.png\" \/>\n<meta name=\"twitter:card\" content=\"summary_large_image\" \/>\n<meta name=\"twitter:label1\" content=\"Est. reading time\" \/>\n\t<meta name=\"twitter:data1\" content=\"2 minutes\" \/>\n<script type=\"application\/ld+json\" class=\"yoast-schema-graph\">{\"@context\":\"https:\/\/schema.org\",\"@graph\":[{\"@type\":\"WebPage\",\"@id\":\"https:\/\/culum.jla-it.at\/pl\/akademia\/\",\"url\":\"https:\/\/culum.jla-it.at\/pl\/akademia\/\",\"name\":\"Akademia | CULUMNATURA\",\"isPartOf\":{\"@id\":\"https:\/\/culum.jla-it.at\/pl\/#website\"},\"primaryImageOfPage\":{\"@id\":\"https:\/\/culum.jla-it.at\/pl\/akademia\/#primaryimage\"},\"image\":{\"@id\":\"https:\/\/culum.jla-it.at\/pl\/akademia\/#primaryimage\"},\"thumbnailUrl\":\"https:\/\/culum.jla-it.at\/www\/wp-content\/uploads\/2023\/02\/header-ringelblume.png\",\"datePublished\":\"2022-12-27T09:10:58+00:00\",\"dateModified\":\"2023-08-21T06:01:20+00:00\",\"breadcrumb\":{\"@id\":\"https:\/\/culum.jla-it.at\/pl\/akademia\/#breadcrumb\"},\"inLanguage\":\"pl-PL\",\"potentialAction\":[{\"@type\":\"ReadAction\",\"target\":[\"https:\/\/culum.jla-it.at\/pl\/akademia\/\"]}]},{\"@type\":\"ImageObject\",\"inLanguage\":\"pl-PL\",\"@id\":\"https:\/\/culum.jla-it.at\/pl\/akademia\/#primaryimage\",\"url\":\"https:\/\/culum.jla-it.at\/www\/wp-content\/uploads\/2023\/02\/header-ringelblume.png\",\"contentUrl\":\"https:\/\/culum.jla-it.at\/www\/wp-content\/uploads\/2023\/02\/header-ringelblume.png\"},{\"@type\":\"BreadcrumbList\",\"@id\":\"https:\/\/culum.jla-it.at\/pl\/akademia\/#breadcrumb\",\"itemListElement\":[{\"@type\":\"ListItem\",\"position\":1,\"name\":\"CULUMNATURA\",\"item\":\"https:\/\/culum.jla-it.at\/pl\/\"},{\"@type\":\"ListItem\",\"position\":2,\"name\":\"Akademia\"}]},{\"@type\":\"WebSite\",\"@id\":\"https:\/\/culum.jla-it.at\/pl\/#website\",\"url\":\"https:\/\/culum.jla-it.at\/pl\/\",\"name\":\"CULUMNATURA\",\"description\":\"\",\"publisher\":{\"@id\":\"https:\/\/culum.jla-it.at\/pl\/#organization\"},\"potentialAction\":[{\"@type\":\"SearchAction\",\"target\":{\"@type\":\"EntryPoint\",\"urlTemplate\":\"https:\/\/culum.jla-it.at\/pl\/?s={search_term_string}\"},\"query-input\":\"required name=search_term_string\"}],\"inLanguage\":\"pl-PL\"},{\"@type\":\"Organization\",\"@id\":\"https:\/\/culum.jla-it.at\/pl\/#organization\",\"name\":\"CULUMNATURA\",\"url\":\"https:\/\/culum.jla-it.at\/pl\/\",\"logo\":{\"@type\":\"ImageObject\",\"inLanguage\":\"pl-PL\",\"@id\":\"https:\/\/culum.jla-it.at\/pl\/#\/schema\/logo\/image\/\",\"url\":\"\",\"contentUrl\":\"\",\"caption\":\"CULUMNATURA\"},\"image\":{\"@id\":\"https:\/\/culum.jla-it.at\/pl\/#\/schema\/logo\/image\/\"}}]}<\/script>\n<!-- \/ Yoast SEO plugin. -->","yoast_head_json":{"title":"Akademia | CULUMNATURA","robots":{"index":"noindex","follow":"follow","max-snippet":"max-snippet:-1","max-image-preview":"max-image-preview:large","max-video-preview":"max-video-preview:-1"},"og_locale":"pl_PL","og_type":"article","og_title":"Akademia | CULUMNATURA","og_description":"Twoja mi\u0119dzynarodowa Akademia pe\u0142na mo\u017cliwo\u015bci Nasza akademia jest centrum kompetencji w zakresie kosmetyk\u00f3w naturalnych, w kt\u00f3rym \u0142\u0105czymy to, co nale\u017cy do siebie: sprawdzon\u0105 wiedz\u0119 praktyczn\u0105 i teoretyczne podstawy dla Twojej drogi jako praktyka sk\u00f3ry i w\u0142os\u00f3w CULUMNATURA. Od 1996 roku uwra\u017cliwiamy ludzi na wysokiej jako\u015bci kosmetyki naturalne. Nasze produkty do piel\u0119gnacji sk\u00f3ry i w\u0142os\u00f3w s\u0105 [&hellip;]","og_url":"https:\/\/culum.jla-it.at\/pl\/akademia\/","og_site_name":"CULUMNATURA","article_modified_time":"2023-08-21T06:01:20+00:00","og_image":[{"url":"https:\/\/culum.jla-it.at\/www\/wp-content\/uploads\/2023\/02\/header-ringelblume.png"}],"twitter_card":"summary_large_image","twitter_misc":{"Est. reading time":"2 minutes"},"schema":{"@context":"https:\/\/schema.org","@graph":[{"@type":"WebPage","@id":"https:\/\/culum.jla-it.at\/pl\/akademia\/","url":"https:\/\/culum.jla-it.at\/pl\/akademia\/","name":"Akademia | CULUMNATURA","isPartOf":{"@id":"https:\/\/culum.jla-it.at\/pl\/#website"},"primaryImageOfPage":{"@id":"https:\/\/culum.jla-it.at\/pl\/akademia\/#primaryimage"},"image":{"@id":"https:\/\/culum.jla-it.at\/pl\/akademia\/#primaryimage"},"thumbnailUrl":"https:\/\/culum.jla-it.at\/www\/wp-content\/uploads\/2023\/02\/header-ringelblume.png","datePublished":"2022-12-27T09:10:58+00:00","dateModified":"2023-08-21T06:01:20+00:00","breadcrumb":{"@id":"https:\/\/culum.jla-it.at\/pl\/akademia\/#breadcrumb"},"inLanguage":"pl-PL","potentialAction":[{"@type":"ReadAction","target":["https:\/\/culum.jla-it.at\/pl\/akademia\/"]}]},{"@type":"ImageObject","inLanguage":"pl-PL","@id":"https:\/\/culum.jla-it.at\/pl\/akademia\/#primaryimage","url":"https:\/\/culum.jla-it.at\/www\/wp-content\/uploads\/2023\/02\/header-ringelblume.png","contentUrl":"https:\/\/culum.jla-it.at\/www\/wp-content\/uploads\/2023\/02\/header-ringelblume.png"},{"@type":"BreadcrumbList","@id":"https:\/\/culum.jla-it.at\/pl\/akademia\/#breadcrumb","itemListElement":[{"@type":"ListItem","position":1,"name":"CULUMNATURA","item":"https:\/\/culum.jla-it.at\/pl\/"},{"@type":"ListItem","position":2,"name":"Akademia"}]},{"@type":"WebSite","@id":"https:\/\/culum.jla-it.at\/pl\/#website","url":"https:\/\/culum.jla-it.at\/pl\/","name":"CULUMNATURA","description":"","publisher":{"@id":"https:\/\/culum.jla-it.at\/pl\/#organization"},"potentialAction":[{"@type":"SearchAction","target":{"@type":"EntryPoint","urlTemplate":"https:\/\/culum.jla-it.at\/pl\/?s={search_term_string}"},"query-input":"required name=search_term_string"}],"inLanguage":"pl-PL"},{"@type":"Organization","@id":"https:\/\/culum.jla-it.at\/pl\/#organization","name":"CULUMNATURA","url":"https:\/\/culum.jla-it.at\/pl\/","logo":{"@type":"ImageObject","inLanguage":"pl-PL","@id":"https:\/\/culum.jla-it.at\/pl\/#\/schema\/logo\/image\/","url":"","contentUrl":"","caption":"CULUMNATURA"},"image":{"@id":"https:\/\/culum.jla-it.at\/pl\/#\/schema\/logo\/image\/"}}]}},"_links":{"self":[{"href":"https:\/\/culum.jla-it.at\/pl\/wp-json\/wp\/v2\/pages\/5164","targetHints":{"allow":["GET"]}}],"collection":[{"href":"https:\/\/culum.jla-it.at\/pl\/wp-json\/wp\/v2\/pages"}],"about":[{"href":"https:\/\/culum.jla-it.at\/pl\/wp-json\/wp\/v2\/types\/page"}],"author":[{"embeddable":true,"href":"https:\/\/culum.jla-it.at\/pl\/wp-json\/wp\/v2\/users\/1"}],"replies":[{"embeddable":true,"href":"https:\/\/culum.jla-it.at\/pl\/wp-json\/wp\/v2\/comments?post=5164"}],"version-history":[{"count":14,"href":"https:\/\/culum.jla-it.at\/pl\/wp-json\/wp\/v2\/pages\/5164\/revisions"}],"predecessor-version":[{"id":6410,"href":"https:\/\/culum.jla-it.at\/pl\/wp-json\/wp\/v2\/pages\/5164\/revisions\/6410"}],"wp:attachment":[{"href":"https:\/\/culum.jla-it.at\/pl\/wp-json\/wp\/v2\/media?parent=5164"}],"curies":[{"name":"wp","href":"https:\/\/api.w.org\/{rel}","templated":true}]}}